{"id":3414,"date":"2023-02-02T09:24:12","date_gmt":"2023-02-02T09:24:12","guid":{"rendered":"https:\/\/chiromax.ro\/?page_id=3414"},"modified":"2023-03-03T07:31:01","modified_gmt":"2023-03-03T07:31:01","slug":"blog-2","status":"publish","type":"page","link":"https:\/\/chiromax.ro\/it\/cariere\/","title":{"rendered":"Cariere"},"content":{"rendered":"\t\t<div data-elementor-type=\"wp-page\" data-elementor-id=\"3414\" class=\"elementor elementor-3414\" data-elementor-post-type=\"page\">\n\t\t\t\t<div class=\"elementor-element elementor-element-9e06ab6 e-flex e-con-boxed e-con e-parent\" data-id=\"9e06ab6\" data-element_type=\"container\" data-e-type=\"container\" data-settings=\"{&quot;background_background&quot;:&quot;classic&quot;,&quot;_ob_use_container_extras&quot;:&quot;no&quot;,&quot;_ob_column_hoveranimator&quot;:&quot;no&quot;,&quot;_ob_glider_is_slider&quot;:&quot;no&quot;,&quot;_ob_column_has_pseudo&quot;:&quot;no&quot;}\">\n\t\t\t\t\t<div class=\"e-con-inner\">\n\t\t<div class=\"elementor-element elementor-element-5922ddf e-con-full e-flex e-con e-parent\" data-id=\"5922ddf\" data-element_type=\"container\" data-e-type=\"container\" data-settings=\"{&quot;_ob_use_container_extras&quot;:&quot;no&quot;,&quot;_ob_column_hoveranimator&quot;:&quot;no&quot;,&quot;_ob_glider_is_slider&quot;:&quot;no&quot;,&quot;_ob_column_has_pseudo&quot;:&quot;no&quot;}\">\n\t\t\t\t<div class=\"elementor-element elementor-element-66f59f4 ob-harakiri-inherit ob-has-background-overlay elementor-widget elementor-widget-heading\" data-id=\"66f59f4\" data-element_type=\"widget\" data-e-type=\"widget\" data-settings=\"{&quot;_ob_use_harakiri&quot;:&quot;yes&quot;,&quot;_ob_harakiri_writing_mode&quot;:&quot;inherit&quot;,&quot;_ob_harakiri_text_clip&quot;:&quot;none&quot;,&quot;_ob_widget_stalker_use&quot;:&quot;no&quot;,&quot;_ob_poopart_use&quot;:&quot;yes&quot;,&quot;_ob_shadough_use&quot;:&quot;no&quot;,&quot;_ob_allow_hoveranimator&quot;:&quot;no&quot;}\" data-widget_type=\"heading.default\">\n\t\t\t\t<div class=\"elementor-widget-container\">\n\t\t\t\t\t<h2 class=\"elementor-heading-title elementor-size-default\">CAriere<\/h2>\t\t\t\t<\/div>\n\t\t\t\t<\/div>\n\t\t\t\t<div class=\"elementor-element elementor-element-66dfb03 ob-has-background-overlay elementor-widget elementor-widget-image\" data-id=\"66dfb03\" data-element_type=\"widget\" data-e-type=\"widget\" data-settings=\"{&quot;_ob_photomorph_use&quot;:&quot;no&quot;,&quot;_ob_widget_stalker_use&quot;:&quot;no&quot;,&quot;_ob_poopart_use&quot;:&quot;yes&quot;,&quot;_ob_shadough_use&quot;:&quot;no&quot;,&quot;_ob_allow_hoveranimator&quot;:&quot;no&quot;}\" data-widget_type=\"image.default\">\n\t\t\t\t<div class=\"elementor-widget-container\">\n\t\t\t\t\t\t\t\t\t\t\t\t\t\t\t<img fetchpriority=\"high\" decoding=\"async\" width=\"512\" height=\"512\" src=\"https:\/\/chiromax.ro\/wp-content\/uploads\/2023\/02\/resume.png\" class=\"attachment-full size-full wp-image-3416\" alt=\"\" srcset=\"https:\/\/chiromax.ro\/wp-content\/uploads\/2023\/02\/resume.png 512w, https:\/\/chiromax.ro\/wp-content\/uploads\/2023\/02\/resume-300x300.png 300w, https:\/\/chiromax.ro\/wp-content\/uploads\/2023\/02\/resume-150x150.png 150w, https:\/\/chiromax.ro\/wp-content\/uploads\/2023\/02\/resume-12x12.png 12w\" sizes=\"(max-width: 512px) 100vw, 512px\" \/>\t\t\t\t\t\t\t\t\t\t\t\t\t\t\t<\/div>\n\t\t\t\t<\/div>\n\t\t\t\t<\/div>\n\t\t\t\t\t<\/div>\n\t\t\t\t<\/div>\n\t\t<div class=\"elementor-element elementor-element-e7bdc12 e-flex e-con-boxed e-con e-parent\" data-id=\"e7bdc12\" data-element_type=\"container\" data-e-type=\"container\" data-settings=\"{&quot;_ob_use_container_extras&quot;:&quot;no&quot;,&quot;_ob_column_hoveranimator&quot;:&quot;no&quot;,&quot;_ob_glider_is_slider&quot;:&quot;no&quot;,&quot;_ob_column_has_pseudo&quot;:&quot;no&quot;}\">\n\t\t\t\t\t<div class=\"e-con-inner\">\n\t\t<div class=\"elementor-element elementor-element-14f6d9a e-con-full e-flex e-con e-parent\" data-id=\"14f6d9a\" data-element_type=\"container\" data-e-type=\"container\" data-settings=\"{&quot;_ob_use_container_extras&quot;:&quot;no&quot;,&quot;_ob_column_hoveranimator&quot;:&quot;no&quot;,&quot;_ob_glider_is_slider&quot;:&quot;no&quot;,&quot;_ob_column_has_pseudo&quot;:&quot;no&quot;}\">\n\t\t\t\t<div class=\"elementor-element elementor-element-b8a5c43 ob-harakiri-inherit ob-has-background-overlay elementor-widget elementor-widget-text-editor\" data-id=\"b8a5c43\" data-element_type=\"widget\" data-e-type=\"widget\" data-settings=\"{&quot;_ob_use_harakiri&quot;:&quot;yes&quot;,&quot;_ob_harakiri_writing_mode&quot;:&quot;inherit&quot;,&quot;_ob_postman_use&quot;:&quot;no&quot;,&quot;_ob_widget_stalker_use&quot;:&quot;no&quot;,&quot;_ob_poopart_use&quot;:&quot;yes&quot;,&quot;_ob_shadough_use&quot;:&quot;no&quot;,&quot;_ob_allow_hoveranimator&quot;:&quot;no&quot;}\" data-widget_type=\"text-editor.default\">\n\t\t\t\t<div class=\"elementor-widget-container\">\n\t\t\t\t\t\t\t\t\t<p>\u00ce\u021bi mul\u021bumim pentru interesul de a te al\u0103tura echipei frumoase a Clinicii Stomatologice Chiromax Gala\u021bi.<\/p><p>Te rug\u0103m s\u0103 completezi formularul din aceast\u0103 pagin\u0103 cu datele tale, s\u0103 specifici postul pentru care aplici \u0219i s\u0103 ata\u0219ezi fisierul cu CV-ul t\u0103u.<\/p><p>Te vom contacta c\u00e2t de repede posibil pentru a programa un interviu dac\u0103 \u00een momentul \u00een care ne trimi\u021bi datele este liber un post care corespunde preg\u0103tirii tale.<\/p>\t\t\t\t\t\t\t\t<\/div>\n\t\t\t\t<\/div>\n\t\t\t\t<\/div>\n\t\t<div class=\"elementor-element elementor-element-33afff8 e-con-full e-flex e-con e-parent\" data-id=\"33afff8\" data-element_type=\"container\" data-e-type=\"container\" data-settings=\"{&quot;_ob_use_container_extras&quot;:&quot;no&quot;,&quot;_ob_column_hoveranimator&quot;:&quot;no&quot;,&quot;_ob_glider_is_slider&quot;:&quot;no&quot;,&quot;_ob_column_has_pseudo&quot;:&quot;no&quot;}\">\n\t\t\t\t<div class=\"elementor-element elementor-element-981bc75 elementor-button-align-stretch ob-has-background-overlay elementor-widget elementor-widget-form\" data-id=\"981bc75\" data-element_type=\"widget\" data-e-type=\"widget\" data-settings=\"{&quot;step_next_label&quot;:&quot;Next&quot;,&quot;step_previous_label&quot;:&quot;Previous&quot;,&quot;button_width&quot;:&quot;100&quot;,&quot;step_type&quot;:&quot;number_text&quot;,&quot;step_icon_shape&quot;:&quot;circle&quot;,&quot;_ob_widget_stalker_use&quot;:&quot;no&quot;,&quot;_ob_poopart_use&quot;:&quot;yes&quot;,&quot;_ob_shadough_use&quot;:&quot;no&quot;,&quot;_ob_allow_hoveranimator&quot;:&quot;no&quot;}\" data-widget_type=\"form.default\">\n\t\t\t\t<div class=\"elementor-widget-container\">\n\t\t\t\t\t\t\t<form class=\"elementor-form\" method=\"post\" name=\"New Form\" aria-label=\"New Form\">\n\t\t\t<input type=\"hidden\" name=\"post_id\" value=\"3414\"\/>\n\t\t\t<input type=\"hidden\" name=\"form_id\" value=\"981bc75\"\/>\n\t\t\t<input type=\"hidden\" name=\"referer_title\" value=\"Cariere &#187; Clinica Stomatologie Chiromax Cabinet Stomatologic Galati Implant Dentar\" \/>\n\n\t\t\t\t\t\t\t<input type=\"hidden\" name=\"queried_id\" value=\"3414\"\/>\n\t\t\t\n\t\t\t<div class=\"elementor-form-fields-wrapper elementor-labels-above\">\n\t\t\t\t\t\t\t\t<div class=\"elementor-field-type-text elementor-field-group elementor-column elementor-field-group-nume elementor-col-50 elementor-field-required elementor-mark-required\">\n\t\t\t\t\t\t\t\t\t\t\t\t<label for=\"form-field-nume\" class=\"elementor-field-label\">\n\t\t\t\t\t\t\t\tNume\t\t\t\t\t\t\t<\/label>\n\t\t\t\t\t\t\t\t\t\t\t\t\t\t<input size=\"1\" type=\"text\" name=\"form_fields[nume]\" id=\"form-field-nume\" class=\"elementor-field elementor-size-sm  elementor-field-textual\" required=\"required\">\n\t\t\t\t\t\t\t\t\t\t\t<\/div>\n\t\t\t\t\t\t\t\t<div class=\"elementor-field-type-text elementor-field-group elementor-column elementor-field-group-prenume elementor-col-50 elementor-field-required elementor-mark-required\">\n\t\t\t\t\t\t\t\t\t\t\t\t<label for=\"form-field-prenume\" class=\"elementor-field-label\">\n\t\t\t\t\t\t\t\tPrenume\t\t\t\t\t\t\t<\/label>\n\t\t\t\t\t\t\t\t\t\t\t\t\t\t<input size=\"1\" type=\"text\" name=\"form_fields[prenume]\" id=\"form-field-prenume\" class=\"elementor-field elementor-size-sm  elementor-field-textual\" required=\"required\">\n\t\t\t\t\t\t\t\t\t\t\t<\/div>\n\t\t\t\t\t\t\t\t<div class=\"elementor-field-type-email elementor-field-group elementor-column elementor-field-group-email elementor-col-50 elementor-field-required elementor-mark-required\">\n\t\t\t\t\t\t\t\t\t\t\t\t<label for=\"form-field-email\" class=\"elementor-field-label\">\n\t\t\t\t\t\t\t\tEmail\t\t\t\t\t\t\t<\/label>\n\t\t\t\t\t\t\t\t\t\t\t\t\t\t<input size=\"1\" type=\"email\" name=\"form_fields[email]\" id=\"form-field-email\" class=\"elementor-field elementor-size-sm  elementor-field-textual\" required=\"required\">\n\t\t\t\t\t\t\t\t\t\t\t<\/div>\n\t\t\t\t\t\t\t\t<div class=\"elementor-field-type-tel elementor-field-group elementor-column elementor-field-group-telefon elementor-col-50 elementor-field-required elementor-mark-required\">\n\t\t\t\t\t\t\t\t\t\t\t\t<label for=\"form-field-telefon\" class=\"elementor-field-label\">\n\t\t\t\t\t\t\t\tTelefon\t\t\t\t\t\t\t<\/label>\n\t\t\t\t\t\t\t\t<input size=\"1\" type=\"tel\" name=\"form_fields[telefon]\" id=\"form-field-telefon\" class=\"elementor-field elementor-size-sm  elementor-field-textual\" required=\"required\" pattern=\"[0-9()#&amp;+*-=.]+\" title=\"Only numbers and phone characters (#, -, *, etc) are accepted.\">\n\n\t\t\t\t\t\t<\/div>\n\t\t\t\t\t\t\t\t<div class=\"elementor-field-type-select elementor-field-group elementor-column elementor-field-group-post elementor-col-66 elementor-field-required elementor-mark-required\">\n\t\t\t\t\t\t\t\t\t\t\t\t<label for=\"form-field-post\" class=\"elementor-field-label\">\n\t\t\t\t\t\t\t\tAlege postul pentru care aplici\t\t\t\t\t\t\t<\/label>\n\t\t\t\t\t\t\t\t<div class=\"elementor-field elementor-select-wrapper remove-before \">\n\t\t\t<div class=\"select-caret-down-wrapper\">\n\t\t\t\t<i aria-hidden=\"true\" class=\"eicon-caret-down\"><\/i>\t\t\t<\/div>\n\t\t\t<select name=\"form_fields[post]\" id=\"form-field-post\" class=\"elementor-field-textual elementor-size-sm\" required=\"required\">\n\t\t\t\t\t\t\t\t\t<option value=\"Doctor\">Doctor<\/option>\n\t\t\t\t\t\t\t\t\t<option value=\"Asistent\u0103\">Asistent\u0103<\/option>\n\t\t\t\t\t\t\t\t\t<option value=\"Infirmier\u0103\">Infirmier\u0103<\/option>\n\t\t\t\t\t\t\t\t\t<option value=\"Administrativ\">Administrativ<\/option>\n\t\t\t\t\t\t\t<\/select>\n\t\t<\/div>\n\t\t\t\t\t\t<\/div>\n\t\t\t\t\t\t\t\t<div class=\"elementor-field-type-upload elementor-field-group elementor-column elementor-field-group-cv elementor-col-100 elementor-field-required elementor-mark-required\">\n\t\t\t\t\t\t\t\t\t\t\t\t<label for=\"form-field-cv\" class=\"elementor-field-label\">\n\t\t\t\t\t\t\t\t\u00cencarc\u0103 CV: (este permis doar fi\u0219ier cu extensia .pdf, dimensiune maxim\u0103 2MB)\t\t\t\t\t\t\t<\/label>\n\t\t\t\t\t\t\t\t<input type=\"file\" name=\"form_fields[cv]\" id=\"form-field-cv\" class=\"elementor-field elementor-size-sm  elementor-upload-field\" required=\"required\" data-maxsize=\"2\" data-maxsize-message=\"Fi\u0219ierul dep\u0103\u0219e\u0219te dimensiunea maxim\u0103 permis\u0103.\">\n\n\t\t\t\t\t\t<\/div>\n\t\t\t\t\t\t\t\t<div class=\"elementor-field-type-acceptance elementor-field-group elementor-column elementor-field-group-field_e09f82a elementor-col-100 elementor-field-required elementor-mark-required\">\n\t\t\t\t\t\t\t\t\t\t\t\t<label for=\"form-field-field_e09f82a\" class=\"elementor-field-label\">\n\t\t\t\t\t\t\t\tAcord GDPR:\t\t\t\t\t\t\t<\/label>\n\t\t\t\t\t\t\t\t<div class=\"elementor-field-subgroup\">\n\t\t\t<span class=\"elementor-field-option\">\n\t\t\t\t<input type=\"checkbox\" name=\"form_fields[field_e09f82a]\" id=\"form-field-field_e09f82a\" class=\"elementor-field elementor-size-sm  elementor-acceptance-field\" required=\"required\">\n\t\t\t\t<label for=\"form-field-field_e09f82a\">Am citit <a href=\"\/termeni-si-conditii-de-utilizare-a-website-ului\/\" target=\"_blank\">TERMENII SI CONDI\u021aIILE SITE-ului<\/a> \u0219i sunt de acord ca datele mele personale s\u0103 fie prelucrate in conformitate cu Regulamentul UE 679\/2016.<\/label>\t\t\t<\/span>\n\t\t<\/div>\n\t\t\t\t\t\t<\/div>\n\t\t\t\t\t\t\t\t<div class=\"elementor-field-type-recaptcha_v3 elementor-field-group elementor-column elementor-field-group-field_e80c6cd elementor-col-100 recaptcha_v3-bottomright\">\n\t\t\t\t\t<div class=\"elementor-field\" id=\"form-field-field_e80c6cd\"><div class=\"elementor-g-recaptcha\" data-sitekey=\"6LecE9YZAAAAAMTNpR5Q2ni4ftTCfOpQRbJOEOSf\" data-type=\"v3\" data-action=\"Form\" data-badge=\"bottomright\" data-size=\"invisible\"><\/div><\/div>\t\t\t\t<\/div>\n\t\t\t\t\t\t\t\t<div class=\"elementor-field-group elementor-column elementor-field-type-submit elementor-col-100 e-form__buttons\">\n\t\t\t\t\t<button class=\"elementor-button elementor-size-sm\" type=\"submit\">\n\t\t\t\t\t\t<span class=\"elementor-button-content-wrapper\">\n\t\t\t\t\t\t\t\t\t\t\t\t\t\t\t\t\t\t\t\t\t\t<span class=\"elementor-button-text\">Trimite CV<\/span>\n\t\t\t\t\t\t\t\t\t\t\t\t\t<\/span>\n\t\t\t\t\t<\/button>\n\t\t\t\t<\/div>\n\t\t\t<\/div>\n\t\t<\/form>\n\t\t\t\t\t\t<\/div>\n\t\t\t\t<\/div>\n\t\t\t\t<\/div>\n\t\t\t\t\t<\/div>\n\t\t\t\t<\/div>\n\t\t\t\t<\/div>\n\t\t","protected":false},"excerpt":{"rendered":"<p>CAriere \u00ce\u021bi mul\u021bumim pentru interesul de a te al\u0103tura echipei frumoase a Clinicii Stomatologice Chiromax Gala\u021bi. Te rug\u0103m s\u0103 completezi formularul din aceast\u0103 pagin\u0103 cu datele tale, s\u0103 specifici postul pentru care aplici \u0219i s\u0103 ata\u0219ezi fisierul cu CV-ul t\u0103u. Te vom contacta c\u00e2t de repede posibil pentru a programa un interviu dac\u0103 \u00een momentul [&hellip;]<\/p>\n","protected":false},"author":1,"featured_media":0,"parent":0,"menu_order":0,"comment_status":"closed","ping_status":"closed","template":"elementor_header_footer","meta":{"_acf_changed":false,"ocean_post_layout":"full-screen","ocean_both_sidebars_style":"","ocean_both_sidebars_content_width":0,"ocean_both_sidebars_sidebars_width":0,"ocean_sidebar":"0","ocean_second_sidebar":"0","ocean_disable_margins":"on","ocean_add_body_class":"","ocean_shortcode_before_top_bar":"","ocean_shortcode_after_top_bar":"","ocean_shortcode_before_header":"","ocean_shortcode_after_header":"","ocean_has_shortcode":"","ocean_shortcode_after_title":"","ocean_shortcode_before_footer_widgets":"","ocean_shortcode_after_footer_widgets":"","ocean_shortcode_before_footer_bottom":"","ocean_shortcode_after_footer_bottom":"","ocean_display_top_bar":"off","ocean_display_header":"default","ocean_header_style":"","ocean_center_header_left_menu":"0","ocean_custom_header_template":"0","ocean_custom_logo":0,"ocean_custom_retina_logo":0,"ocean_custom_logo_max_width":0,"ocean_custom_logo_tablet_max_width":0,"ocean_custom_logo_mobile_max_width":0,"ocean_custom_logo_max_height":0,"ocean_custom_logo_tablet_max_height":0,"ocean_custom_logo_mobile_max_height":0,"ocean_header_custom_menu":"0","ocean_menu_typo_font_family":"0","ocean_menu_typo_font_subset":"","ocean_menu_typo_font_size":0,"ocean_menu_typo_font_size_tablet":0,"ocean_menu_typo_font_size_mobile":0,"ocean_menu_typo_font_size_unit":"px","ocean_menu_typo_font_weight":"","ocean_menu_typo_font_weight_tablet":"","ocean_menu_typo_font_weight_mobile":"","ocean_menu_typo_transform":"","ocean_menu_typo_transform_tablet":"","ocean_menu_typo_transform_mobile":"","ocean_menu_typo_line_height":0,"ocean_menu_typo_line_height_tablet":0,"ocean_menu_typo_line_height_mobile":0,"ocean_menu_typo_line_height_unit":"","ocean_menu_typo_spacing":0,"ocean_menu_typo_spacing_tablet":0,"ocean_menu_typo_spacing_mobile":0,"ocean_menu_typo_spacing_unit":"","ocean_menu_link_color":"","ocean_menu_link_color_hover":"","ocean_menu_link_color_active":"","ocean_menu_link_background":"","ocean_menu_link_hover_background":"","ocean_menu_link_active_background":"","ocean_menu_social_links_bg":"","ocean_menu_social_hover_links_bg":"","ocean_menu_social_links_color":"","ocean_menu_social_hover_links_color":"","ocean_disable_title":"on","ocean_disable_heading":"default","ocean_post_title":"","ocean_post_subheading":"","ocean_post_title_style":"","ocean_post_title_background_color":"","ocean_post_title_background":0,"ocean_post_title_bg_image_position":"","ocean_post_title_bg_image_attachment":"","ocean_post_title_bg_image_repeat":"","ocean_post_title_bg_image_size":"","ocean_post_title_height":0,"ocean_post_title_bg_overlay":0.5,"ocean_post_title_bg_overlay_color":"","ocean_disable_breadcrumbs":"off","ocean_breadcrumbs_color":"","ocean_breadcrumbs_separator_color":"","ocean_breadcrumbs_links_color":"","ocean_breadcrumbs_links_hover_color":"","ocean_display_footer_widgets":"default","ocean_display_footer_bottom":"default","ocean_custom_footer_template":"0","footnotes":""},"class_list":["post-3414","page","type-page","status-publish","hentry","entry"],"acf":[],"yoast_head":"<!-- This site is optimized with the Yoast SEO plugin v27.4 - https:\/\/yoast.com\/product\/yoast-seo-wordpress\/ -->\n<title>Cariere &#187; Clinica Stomatologie Chiromax Cabinet Stomatologic Galati Implant Dentar<\/title>\n<meta name=\"robots\" content=\"index, follow, max-snippet:-1, max-image-preview:large, max-video-preview:-1\" \/>\n<link rel=\"canonical\" href=\"https:\/\/chiromax.ro\/it\/blog-2\/\" \/>\n<meta property=\"og:locale\" content=\"it_IT\" \/>\n<meta property=\"og:type\" content=\"article\" \/>\n<meta property=\"og:title\" content=\"Cariere &#187; Clinica Stomatologie Chiromax Cabinet Stomatologic Galati Implant Dentar\" \/>\n<meta property=\"og:description\" content=\"CAriere \u00ce\u021bi mul\u021bumim pentru interesul de a te al\u0103tura echipei frumoase a Clinicii Stomatologice Chiromax Gala\u021bi. Te rug\u0103m s\u0103 completezi formularul din aceast\u0103 pagin\u0103 cu datele tale, s\u0103 specifici postul pentru care aplici \u0219i s\u0103 ata\u0219ezi fisierul cu CV-ul t\u0103u. Te vom contacta c\u00e2t de repede posibil pentru a programa un interviu dac\u0103 \u00een momentul [&hellip;]\" \/>\n<meta property=\"og:url\" content=\"https:\/\/chiromax.ro\/it\/blog-2\/\" \/>\n<meta property=\"og:site_name\" content=\"Clinica Stomatologie Chiromax Cabinet Stomatologic Galati Implant Dentar\" \/>\n<meta property=\"article:publisher\" content=\"https:\/\/www.facebook.com\/Chiromax.ro\" \/>\n<meta property=\"article:modified_time\" content=\"2023-03-03T07:31:01+00:00\" \/>\n<meta property=\"og:image\" content=\"https:\/\/chiromax.ro\/wp-content\/uploads\/2023\/02\/resume.png\" \/>\n<meta name=\"twitter:card\" content=\"summary_large_image\" \/>\n<meta name=\"twitter:label1\" content=\"Tempo di lettura stimato\" \/>\n\t<meta name=\"twitter:data1\" content=\"16 minuti\" \/>\n<script type=\"application\/ld+json\" class=\"yoast-schema-graph\">{\"@context\":\"https:\\\/\\\/schema.org\",\"@graph\":[{\"@type\":\"WebPage\",\"@id\":\"https:\\\/\\\/chiromax.ro\\\/cariere\\\/\",\"url\":\"https:\\\/\\\/chiromax.ro\\\/cariere\\\/\",\"name\":\"Cariere &#187; Clinica Stomatologie Chiromax Cabinet Stomatologic Galati Implant Dentar\",\"isPartOf\":{\"@id\":\"https:\\\/\\\/chiromax.ro\\\/#website\"},\"primaryImageOfPage\":{\"@id\":\"https:\\\/\\\/chiromax.ro\\\/cariere\\\/#primaryimage\"},\"image\":{\"@id\":\"https:\\\/\\\/chiromax.ro\\\/cariere\\\/#primaryimage\"},\"thumbnailUrl\":\"https:\\\/\\\/chiromax.ro\\\/wp-content\\\/uploads\\\/2023\\\/02\\\/resume.png\",\"datePublished\":\"2023-02-02T09:24:12+00:00\",\"dateModified\":\"2023-03-03T07:31:01+00:00\",\"breadcrumb\":{\"@id\":\"https:\\\/\\\/chiromax.ro\\\/cariere\\\/#breadcrumb\"},\"inLanguage\":\"it-IT\",\"potentialAction\":[{\"@type\":\"ReadAction\",\"target\":[\"https:\\\/\\\/chiromax.ro\\\/cariere\\\/\"]}]},{\"@type\":\"ImageObject\",\"inLanguage\":\"it-IT\",\"@id\":\"https:\\\/\\\/chiromax.ro\\\/cariere\\\/#primaryimage\",\"url\":\"https:\\\/\\\/chiromax.ro\\\/wp-content\\\/uploads\\\/2023\\\/02\\\/resume.png\",\"contentUrl\":\"https:\\\/\\\/chiromax.ro\\\/wp-content\\\/uploads\\\/2023\\\/02\\\/resume.png\"},{\"@type\":\"BreadcrumbList\",\"@id\":\"https:\\\/\\\/chiromax.ro\\\/cariere\\\/#breadcrumb\",\"itemListElement\":[{\"@type\":\"ListItem\",\"position\":1,\"name\":\"Prima pagin\u0103\",\"item\":\"https:\\\/\\\/chiromax.ro\\\/\"},{\"@type\":\"ListItem\",\"position\":2,\"name\":\"Cariere\"}]},{\"@type\":\"WebSite\",\"@id\":\"https:\\\/\\\/chiromax.ro\\\/#website\",\"url\":\"https:\\\/\\\/chiromax.ro\\\/\",\"name\":\"Clinica Stomatologie Chiromax Cabinet Stomatologic Galati Implant Dentar\",\"description\":\"Clinica Stomatologie Chiromax Galati\",\"publisher\":{\"@id\":\"https:\\\/\\\/chiromax.ro\\\/#organization\"},\"potentialAction\":[{\"@type\":\"SearchAction\",\"target\":{\"@type\":\"EntryPoint\",\"urlTemplate\":\"https:\\\/\\\/chiromax.ro\\\/?s={search_term_string}\"},\"query-input\":{\"@type\":\"PropertyValueSpecification\",\"valueRequired\":true,\"valueName\":\"search_term_string\"}}],\"inLanguage\":\"it-IT\"},{\"@type\":\"Organization\",\"@id\":\"https:\\\/\\\/chiromax.ro\\\/#organization\",\"name\":\"Clinica Stomatologie Chiromax Galati\",\"url\":\"https:\\\/\\\/chiromax.ro\\\/\",\"logo\":{\"@type\":\"ImageObject\",\"inLanguage\":\"it-IT\",\"@id\":\"https:\\\/\\\/chiromax.ro\\\/#\\\/schema\\\/logo\\\/image\\\/\",\"url\":\"https:\\\/\\\/chiromax.ro\\\/wp-content\\\/uploads\\\/2020\\\/08\\\/logo-chiromax-2020-350.png\",\"contentUrl\":\"https:\\\/\\\/chiromax.ro\\\/wp-content\\\/uploads\\\/2020\\\/08\\\/logo-chiromax-2020-350.png\",\"width\":350,\"height\":149,\"caption\":\"Clinica Stomatologie Chiromax Galati\"},\"image\":{\"@id\":\"https:\\\/\\\/chiromax.ro\\\/#\\\/schema\\\/logo\\\/image\\\/\"},\"sameAs\":[\"https:\\\/\\\/www.facebook.com\\\/Chiromax.ro\",\"https:\\\/\\\/www.instagram.com\\\/chiromax.ro\",\"https:\\\/\\\/www.youtube.com\\\/user\\\/ChiromaxGalati\"]}]}<\/script>\n<!-- \/ Yoast SEO plugin. -->","yoast_head_json":{"title":"Cariere &#187; Clinica Stomatologie Chiromax Cabinet Stomatologic Galati Implant Dentar","robots":{"index":"index","follow":"follow","max-snippet":"max-snippet:-1","max-image-preview":"max-image-preview:large","max-video-preview":"max-video-preview:-1"},"canonical":"https:\/\/chiromax.ro\/it\/blog-2\/","og_locale":"it_IT","og_type":"article","og_title":"Cariere &#187; Clinica Stomatologie Chiromax Cabinet Stomatologic Galati Implant Dentar","og_description":"CAriere \u00ce\u021bi mul\u021bumim pentru interesul de a te al\u0103tura echipei frumoase a Clinicii Stomatologice Chiromax Gala\u021bi. Te rug\u0103m s\u0103 completezi formularul din aceast\u0103 pagin\u0103 cu datele tale, s\u0103 specifici postul pentru care aplici \u0219i s\u0103 ata\u0219ezi fisierul cu CV-ul t\u0103u. Te vom contacta c\u00e2t de repede posibil pentru a programa un interviu dac\u0103 \u00een momentul [&hellip;]","og_url":"https:\/\/chiromax.ro\/it\/blog-2\/","og_site_name":"Clinica Stomatologie Chiromax Cabinet Stomatologic Galati Implant Dentar","article_publisher":"https:\/\/www.facebook.com\/Chiromax.ro","article_modified_time":"2023-03-03T07:31:01+00:00","og_image":[{"url":"https:\/\/chiromax.ro\/wp-content\/uploads\/2023\/02\/resume.png","type":"","width":"","height":""}],"twitter_card":"summary_large_image","twitter_misc":{"Tempo di lettura stimato":"16 minuti"},"schema":{"@context":"https:\/\/schema.org","@graph":[{"@type":"WebPage","@id":"https:\/\/chiromax.ro\/cariere\/","url":"https:\/\/chiromax.ro\/cariere\/","name":"Cariere &#187; Clinica Stomatologie Chiromax Cabinet Stomatologic Galati Implant Dentar","isPartOf":{"@id":"https:\/\/chiromax.ro\/#website"},"primaryImageOfPage":{"@id":"https:\/\/chiromax.ro\/cariere\/#primaryimage"},"image":{"@id":"https:\/\/chiromax.ro\/cariere\/#primaryimage"},"thumbnailUrl":"https:\/\/chiromax.ro\/wp-content\/uploads\/2023\/02\/resume.png","datePublished":"2023-02-02T09:24:12+00:00","dateModified":"2023-03-03T07:31:01+00:00","breadcrumb":{"@id":"https:\/\/chiromax.ro\/cariere\/#breadcrumb"},"inLanguage":"it-IT","potentialAction":[{"@type":"ReadAction","target":["https:\/\/chiromax.ro\/cariere\/"]}]},{"@type":"ImageObject","inLanguage":"it-IT","@id":"https:\/\/chiromax.ro\/cariere\/#primaryimage","url":"https:\/\/chiromax.ro\/wp-content\/uploads\/2023\/02\/resume.png","contentUrl":"https:\/\/chiromax.ro\/wp-content\/uploads\/2023\/02\/resume.png"},{"@type":"BreadcrumbList","@id":"https:\/\/chiromax.ro\/cariere\/#breadcrumb","itemListElement":[{"@type":"ListItem","position":1,"name":"Prima pagin\u0103","item":"https:\/\/chiromax.ro\/"},{"@type":"ListItem","position":2,"name":"Cariere"}]},{"@type":"WebSite","@id":"https:\/\/chiromax.ro\/#website","url":"https:\/\/chiromax.ro\/","name":"Clinica Odontoiatrica Chiromax Studio Dentistico Galati Impianto Dentale","description":"Clinica Stomatologie Chiromax Galati","publisher":{"@id":"https:\/\/chiromax.ro\/#organization"},"potentialAction":[{"@type":"SearchAction","target":{"@type":"EntryPoint","urlTemplate":"https:\/\/chiromax.ro\/?s={search_term_string}"},"query-input":{"@type":"PropertyValueSpecification","valueRequired":true,"valueName":"search_term_string"}}],"inLanguage":"it-IT"},{"@type":"Organization","@id":"https:\/\/chiromax.ro\/#organization","name":"Clinica Stomatologie Chiromax Galati","url":"https:\/\/chiromax.ro\/","logo":{"@type":"ImageObject","inLanguage":"it-IT","@id":"https:\/\/chiromax.ro\/#\/schema\/logo\/image\/","url":"https:\/\/chiromax.ro\/wp-content\/uploads\/2020\/08\/logo-chiromax-2020-350.png","contentUrl":"https:\/\/chiromax.ro\/wp-content\/uploads\/2020\/08\/logo-chiromax-2020-350.png","width":350,"height":149,"caption":"Clinica Stomatologie Chiromax Galati"},"image":{"@id":"https:\/\/chiromax.ro\/#\/schema\/logo\/image\/"},"sameAs":["https:\/\/www.facebook.com\/Chiromax.ro","https:\/\/www.instagram.com\/chiromax.ro","https:\/\/www.youtube.com\/user\/ChiromaxGalati"]}]}},"_links":{"self":[{"href":"https:\/\/chiromax.ro\/it\/wp-json\/wp\/v2\/pages\/3414","targetHints":{"allow":["GET"]}}],"collection":[{"href":"https:\/\/chiromax.ro\/it\/wp-json\/wp\/v2\/pages"}],"about":[{"href":"https:\/\/chiromax.ro\/it\/wp-json\/wp\/v2\/types\/page"}],"author":[{"embeddable":true,"href":"https:\/\/chiromax.ro\/it\/wp-json\/wp\/v2\/users\/1"}],"replies":[{"embeddable":true,"href":"https:\/\/chiromax.ro\/it\/wp-json\/wp\/v2\/comments?post=3414"}],"version-history":[{"count":58,"href":"https:\/\/chiromax.ro\/it\/wp-json\/wp\/v2\/pages\/3414\/revisions"}],"predecessor-version":[{"id":3482,"href":"https:\/\/chiromax.ro\/it\/wp-json\/wp\/v2\/pages\/3414\/revisions\/3482"}],"wp:attachment":[{"href":"https:\/\/chiromax.ro\/it\/wp-json\/wp\/v2\/media?parent=3414"}],"curies":[{"name":"wp","href":"https:\/\/api.w.org\/{rel}","templated":true}]}}