{"id":3208,"date":"2022-12-08T13:22:15","date_gmt":"2022-12-08T13:22:15","guid":{"rendered":"https:\/\/chiromax.ro\/?page_id=3208"},"modified":"2023-03-06T08:13:17","modified_gmt":"2023-03-06T08:13:17","slug":"programare-online","status":"publish","type":"page","link":"https:\/\/chiromax.ro\/it\/programare-online\/","title":{"rendered":"Programare online"},"content":{"rendered":"\t\t<div data-elementor-type=\"wp-page\" data-elementor-id=\"3208\" class=\"elementor elementor-3208\" data-elementor-post-type=\"page\">\n\t\t\t\t<div class=\"elementor-element elementor-element-2051f07 e-con-full e-flex e-con e-parent\" data-id=\"2051f07\" data-element_type=\"container\" data-e-type=\"container\" data-settings=\"{&quot;background_background&quot;:&quot;classic&quot;,&quot;_ob_use_container_extras&quot;:&quot;no&quot;,&quot;_ob_column_hoveranimator&quot;:&quot;no&quot;,&quot;_ob_glider_is_slider&quot;:&quot;no&quot;,&quot;_ob_column_has_pseudo&quot;:&quot;no&quot;}\">\n\t\t<div class=\"elementor-element elementor-element-b570fa7 e-con-full e-flex e-con e-parent\" data-id=\"b570fa7\" data-element_type=\"container\" data-e-type=\"container\" data-settings=\"{&quot;background_background&quot;:&quot;classic&quot;,&quot;_ob_use_container_extras&quot;:&quot;no&quot;,&quot;_ob_column_hoveranimator&quot;:&quot;no&quot;,&quot;_ob_glider_is_slider&quot;:&quot;no&quot;,&quot;_ob_column_has_pseudo&quot;:&quot;no&quot;}\">\n\t\t\t\t<div class=\"elementor-element elementor-element-3b0ebfc ob-harakiri-inherit ob-has-background-overlay elementor-widget elementor-widget-heading\" data-id=\"3b0ebfc\" data-element_type=\"widget\" data-e-type=\"widget\" data-settings=\"{&quot;_ob_use_harakiri&quot;:&quot;yes&quot;,&quot;_ob_harakiri_writing_mode&quot;:&quot;inherit&quot;,&quot;_ob_harakiri_text_clip&quot;:&quot;none&quot;,&quot;_ob_widget_stalker_use&quot;:&quot;no&quot;,&quot;_ob_poopart_use&quot;:&quot;yes&quot;,&quot;_ob_shadough_use&quot;:&quot;no&quot;,&quot;_ob_allow_hoveranimator&quot;:&quot;no&quot;}\" data-widget_type=\"heading.default\">\n\t\t\t\t<div class=\"elementor-widget-container\">\n\t\t\t\t\t<h2 class=\"elementor-heading-title elementor-size-default\">Programare online<\/h2>\t\t\t\t<\/div>\n\t\t\t\t<\/div>\n\t\t\t\t<\/div>\n\t\t<div class=\"elementor-element elementor-element-d365c17 elementor-hidden-phone e-con-full e-flex e-con e-parent\" data-id=\"d365c17\" data-element_type=\"container\" data-e-type=\"container\" data-settings=\"{&quot;background_background&quot;:&quot;classic&quot;,&quot;_ob_use_container_extras&quot;:&quot;no&quot;,&quot;_ob_column_hoveranimator&quot;:&quot;no&quot;,&quot;_ob_glider_is_slider&quot;:&quot;no&quot;,&quot;_ob_column_has_pseudo&quot;:&quot;no&quot;}\">\n\t\t\t\t<\/div>\n\t\t\t\t<\/div>\n\t\t<div class=\"elementor-element elementor-element-9efad9e e-flex e-con-boxed e-con e-parent\" data-id=\"9efad9e\" data-element_type=\"container\" data-e-type=\"container\" data-settings=\"{&quot;_ob_use_container_extras&quot;:&quot;no&quot;,&quot;_ob_column_hoveranimator&quot;:&quot;no&quot;,&quot;_ob_glider_is_slider&quot;:&quot;no&quot;,&quot;_ob_column_has_pseudo&quot;:&quot;no&quot;}\">\n\t\t\t\t\t<div class=\"e-con-inner\">\n\t\t<div class=\"elementor-element elementor-element-a956a56 e-con-full e-flex e-con e-parent\" data-id=\"a956a56\" data-element_type=\"container\" data-e-type=\"container\" data-settings=\"{&quot;_ob_use_container_extras&quot;:&quot;no&quot;,&quot;_ob_column_hoveranimator&quot;:&quot;no&quot;,&quot;_ob_glider_is_slider&quot;:&quot;no&quot;,&quot;_ob_column_has_pseudo&quot;:&quot;no&quot;}\">\n\t\t\t\t<div class=\"elementor-element elementor-element-a533912 ob-harakiri-inherit ob-has-background-overlay elementor-widget elementor-widget-heading\" data-id=\"a533912\" data-element_type=\"widget\" data-e-type=\"widget\" data-settings=\"{&quot;_ob_use_harakiri&quot;:&quot;yes&quot;,&quot;_ob_harakiri_writing_mode&quot;:&quot;inherit&quot;,&quot;_ob_harakiri_text_clip&quot;:&quot;none&quot;,&quot;_ob_widget_stalker_use&quot;:&quot;no&quot;,&quot;_ob_poopart_use&quot;:&quot;yes&quot;,&quot;_ob_shadough_use&quot;:&quot;no&quot;,&quot;_ob_allow_hoveranimator&quot;:&quot;no&quot;}\" data-widget_type=\"heading.default\">\n\t\t\t\t<div class=\"elementor-widget-container\">\n\t\t\t\t\t<h4 class=\"elementor-heading-title elementor-size-default\">F\u0103 o programare<\/h4>\t\t\t\t<\/div>\n\t\t\t\t<\/div>\n\t\t\t\t<div class=\"elementor-element elementor-element-d727d7b ob-harakiri-inherit ob-has-background-overlay elementor-widget elementor-widget-text-editor\" data-id=\"d727d7b\" data-element_type=\"widget\" data-e-type=\"widget\" data-settings=\"{&quot;_ob_use_harakiri&quot;:&quot;yes&quot;,&quot;_ob_harakiri_writing_mode&quot;:&quot;inherit&quot;,&quot;_ob_postman_use&quot;:&quot;no&quot;,&quot;_ob_widget_stalker_use&quot;:&quot;no&quot;,&quot;_ob_poopart_use&quot;:&quot;yes&quot;,&quot;_ob_shadough_use&quot;:&quot;no&quot;,&quot;_ob_allow_hoveranimator&quot;:&quot;no&quot;}\" data-widget_type=\"text-editor.default\">\n\t\t\t\t<div class=\"elementor-widget-container\">\n\t\t\t\t\t\t\t\t\t<p>Programarea pentru consulta\u021bie va putea fi efectuat\u0103 dup\u0103 completarea formularului de mai jos.<\/p><p>\u00cen cadrul formularului, \u00een c\u0103su\u021ba de mesaje, v\u0103 rug\u0103m s\u0103 descrie\u021bi ce tip de serviciu\/consultatie solicitati. Dac\u0103 ave\u021bi deja unele analize\/radiografii\/CT efectuate, le pute\u021bi inc\u0103rca \u00een cadrul formularului dedicat. Fi\u0219ierele acceptate sunt cele de tip .pdf, .jpeg, .doc. Dac\u0103 ave\u021bi mai multe analize dec\u00e2t v\u0103 permit c\u00e2mpurile preg\u0103tite pentru \u00eenc\u0103rcarea acestora, pute\u021bi completa de c\u00e2te ori e necesar formularul, ata\u0219\u00e2nd de fiecare dat\u0103 analize diferite.<\/p>\t\t\t\t\t\t\t\t<\/div>\n\t\t\t\t<\/div>\n\t\t\t\t<div class=\"elementor-element elementor-element-8a523df elementor-button-align-stretch ob-has-background-overlay elementor-widget elementor-widget-form\" data-id=\"8a523df\" data-element_type=\"widget\" data-e-type=\"widget\" data-settings=\"{&quot;step_next_label&quot;:&quot;Next&quot;,&quot;step_previous_label&quot;:&quot;Previous&quot;,&quot;button_width&quot;:&quot;100&quot;,&quot;step_type&quot;:&quot;number_text&quot;,&quot;step_icon_shape&quot;:&quot;circle&quot;,&quot;_ob_widget_stalker_use&quot;:&quot;no&quot;,&quot;_ob_poopart_use&quot;:&quot;yes&quot;,&quot;_ob_shadough_use&quot;:&quot;no&quot;,&quot;_ob_allow_hoveranimator&quot;:&quot;no&quot;}\" data-widget_type=\"form.default\">\n\t\t\t\t<div class=\"elementor-widget-container\">\n\t\t\t\t\t\t\t<form class=\"elementor-form\" method=\"post\" name=\"Formular contact home\" aria-label=\"Formular contact home\">\n\t\t\t<input type=\"hidden\" name=\"post_id\" value=\"3208\"\/>\n\t\t\t<input type=\"hidden\" name=\"form_id\" value=\"8a523df\"\/>\n\t\t\t<input type=\"hidden\" name=\"referer_title\" value=\"Programare online &#187; Clinica Stomatologie Chiromax Cabinet Stomatologic Galati Implant Dentar\" \/>\n\n\t\t\t\t\t\t\t<input type=\"hidden\" name=\"queried_id\" value=\"3208\"\/>\n\t\t\t\n\t\t\t<div class=\"elementor-form-fields-wrapper elementor-labels-\">\n\t\t\t\t\t\t\t\t<div class=\"elementor-field-type-text elementor-field-group elementor-column elementor-field-group-nume elementor-col-100 elementor-field-required\">\n\t\t\t\t\t\t\t\t\t\t\t\t<label for=\"form-field-nume\" class=\"elementor-field-label elementor-screen-only\">\n\t\t\t\t\t\t\t\tNume \u0219i prenume\t\t\t\t\t\t\t<\/label>\n\t\t\t\t\t\t\t\t\t\t\t\t\t\t<input size=\"1\" type=\"text\" name=\"form_fields[nume]\" id=\"form-field-nume\" class=\"elementor-field elementor-size-sm  elementor-field-textual\" placeholder=\"Nume \u0219i prenume\" required=\"required\">\n\t\t\t\t\t\t\t\t\t\t\t<\/div>\n\t\t\t\t\t\t\t\t<div class=\"elementor-field-type-tel elementor-field-group elementor-column elementor-field-group-telefon elementor-col-50 elementor-field-required\">\n\t\t\t\t\t\t\t\t\t\t\t\t<label for=\"form-field-telefon\" class=\"elementor-field-label elementor-screen-only\">\n\t\t\t\t\t\t\t\tTelefon\t\t\t\t\t\t\t<\/label>\n\t\t\t\t\t\t\t\t<input size=\"1\" type=\"tel\" name=\"form_fields[telefon]\" id=\"form-field-telefon\" class=\"elementor-field elementor-size-sm  elementor-field-textual\" placeholder=\"Telefon\" required=\"required\" pattern=\"[0-9()#&amp;+*-=.]+\" title=\"Only numbers and phone characters (#, -, *, etc) are accepted.\">\n\n\t\t\t\t\t\t<\/div>\n\t\t\t\t\t\t\t\t<div class=\"elementor-field-type-email elementor-field-group elementor-column elementor-field-group-email elementor-col-50 elementor-field-required\">\n\t\t\t\t\t\t\t\t\t\t\t\t<label for=\"form-field-email\" class=\"elementor-field-label elementor-screen-only\">\n\t\t\t\t\t\t\t\tE-mail\t\t\t\t\t\t\t<\/label>\n\t\t\t\t\t\t\t\t\t\t\t\t\t\t<input size=\"1\" type=\"email\" name=\"form_fields[email]\" id=\"form-field-email\" class=\"elementor-field elementor-size-sm  elementor-field-textual\" placeholder=\"Adresa e-mail\" required=\"required\">\n\t\t\t\t\t\t\t\t\t\t\t<\/div>\n\t\t\t\t\t\t\t\t<div class=\"elementor-field-type-textarea elementor-field-group elementor-column elementor-field-group-mesaj elementor-col-100 elementor-field-required\">\n\t\t\t\t\t\t\t\t\t\t\t\t<label for=\"form-field-mesaj\" class=\"elementor-field-label elementor-screen-only\">\n\t\t\t\t\t\t\t\tMesajul dumneavoastr\u0103\t\t\t\t\t\t\t<\/label>\n\t\t\t\t\t\t<textarea class=\"elementor-field-textual elementor-field  elementor-size-sm\" name=\"form_fields[mesaj]\" id=\"form-field-mesaj\" rows=\"4\" placeholder=\"Descrie\u021bi ce tip de consulta\u021bie\/serviciu medical dori\u021bi\" required=\"required\"><\/textarea>\t\t\t\t<\/div>\n\t\t\t\t\t\t\t\t<div class=\"elementor-field-type-html elementor-field-group elementor-column elementor-field-group-field_dac56dd elementor-col-100\">\n\t\t\t\t\tDac\u0103 ave\u021bi deja unele analize\/radiografii\/CT efectuate, le pute\u021bi inc\u0103rca aici (se permit maxim 2 fisiere de maxim 1Mb fiecare cu extensia .jpg, .jpeg, .pdf, .docx) :\t\t\t\t<\/div>\n\t\t\t\t\t\t\t\t<div class=\"elementor-field-type-upload elementor-field-group elementor-column elementor-field-group-radiografii elementor-col-100\">\n\t\t\t\t\t\t\t\t\t\t\t\t<label for=\"form-field-radiografii\" class=\"elementor-field-label elementor-screen-only\">\n\t\t\t\t\t\t\t\tincarca fisier\t\t\t\t\t\t\t<\/label>\n\t\t\t\t\t\t\t\t<input type=\"file\" name=\"form_fields[radiografii][]\" id=\"form-field-radiografii\" class=\"elementor-field elementor-size-sm  elementor-upload-field\" multiple=\"multiple\" data-maxsize=\"1\" data-maxsize-message=\"Fi\u0219ierul dep\u0103\u0219e\u0219te dimensiunea maxim\u0103 permis\u0103.\">\n\n\t\t\t\t\t\t<\/div>\n\t\t\t\t\t\t\t\t<div class=\"elementor-field-type-recaptcha_v3 elementor-field-group elementor-column elementor-field-group-field_18300ee elementor-col-100 recaptcha_v3-bottomleft\">\n\t\t\t\t\t<div class=\"elementor-field\" id=\"form-field-field_18300ee\"><div class=\"elementor-g-recaptcha\" data-sitekey=\"6LecE9YZAAAAAMTNpR5Q2ni4ftTCfOpQRbJOEOSf\" data-type=\"v3\" data-action=\"Form\" data-badge=\"bottomleft\" data-size=\"invisible\"><\/div><\/div>\t\t\t\t<\/div>\n\t\t\t\t\t\t\t\t<div class=\"elementor-field-type-html elementor-field-group elementor-column elementor-field-group-field_ed28f4b elementor-col-100\">\n\t\t\t\t\t<p><strong>ATEN\u021aIE:<\/strong> V\u0103 rug\u0103m s\u0103 verifica\u021bi ca informa\u021biile transmise s\u0103 fie complete \u0219i s\u0103 \u021bine\u021bi cont c\u0103 orice problem\u0103 care ar putea ap\u0103rea din cauza lipsei unor date, cade strict &icirc;n responsabilitatea dumneavoastr\u0103.<\/p>\t\t\t\t<\/div>\n\t\t\t\t\t\t\t\t<div class=\"elementor-field-type-acceptance elementor-field-group elementor-column elementor-field-group-field_8fef614 elementor-col-100 elementor-field-required\">\n\t\t\t\t\t\t\t\t\t\t\t\t<label for=\"form-field-field_8fef614\" class=\"elementor-field-label elementor-screen-only\">\n\t\t\t\t\t\t\t\tAcord\t\t\t\t\t\t\t<\/label>\n\t\t\t\t\t\t\t\t<div class=\"elementor-field-subgroup\">\n\t\t\t<span class=\"elementor-field-option\">\n\t\t\t\t<input type=\"checkbox\" name=\"form_fields[field_8fef614]\" id=\"form-field-field_8fef614\" class=\"elementor-field elementor-size-sm  elementor-acceptance-field\" required=\"required\">\n\t\t\t\t<label for=\"form-field-field_8fef614\">Sunt de acord cu condi\u021biile de mai sus, <a href=\".\/termeni-si-conditii-de-utilizare-a-website-ului\/\" target=\"_blank\">Termenii \u0219i condi\u021biile site-ului<\/a> \u0219i confirm faptul c\u0103 am parcurs \u00een integralitate <a href=\".\/politica-de-confidentialitate\/\" target=\"_blank\">Politica de confiden\u021bialitate<\/a>.<\/label>\t\t\t<\/span>\n\t\t<\/div>\n\t\t\t\t\t\t<\/div>\n\t\t\t\t\t\t\t\t<div class=\"elementor-field-group elementor-column elementor-field-type-submit elementor-col-100 e-form__buttons\">\n\t\t\t\t\t<button class=\"elementor-button elementor-size-lg elementor-animation-shrink\" type=\"submit\">\n\t\t\t\t\t\t<span class=\"elementor-button-content-wrapper\">\n\t\t\t\t\t\t\t\t\t\t\t\t\t\t\t\t\t\t\t\t\t\t<span class=\"elementor-button-text\">Trimite mesajul<\/span>\n\t\t\t\t\t\t\t\t\t\t\t\t\t<\/span>\n\t\t\t\t\t<\/button>\n\t\t\t\t<\/div>\n\t\t\t<\/div>\n\t\t<\/form>\n\t\t\t\t\t\t<\/div>\n\t\t\t\t<\/div>\n\t\t\t\t<\/div>\n\t\t\t\t\t<\/div>\n\t\t\t\t<\/div>\n\t\t\t\t<\/div>\n\t\t","protected":false},"excerpt":{"rendered":"<p>Programare online F\u0103 o programare Programarea pentru consulta\u021bie va putea fi efectuat\u0103 dup\u0103 completarea formularului de mai jos. \u00cen cadrul formularului, \u00een c\u0103su\u021ba de mesaje, v\u0103 rug\u0103m s\u0103 descrie\u021bi ce tip de serviciu\/consultatie solicitati. Dac\u0103 ave\u021bi deja unele analize\/radiografii\/CT efectuate, le pute\u021bi inc\u0103rca \u00een cadrul formularului dedicat. Fi\u0219ierele acceptate sunt cele de tip .pdf, .jpeg, [&hellip;]<\/p>\n","protected":false},"author":1,"featured_media":0,"parent":0,"menu_order":0,"comment_status":"closed","ping_status":"closed","template":"","meta":{"_acf_changed":false,"ocean_post_layout":"full-screen","ocean_both_sidebars_style":"","ocean_both_sidebars_content_width":0,"ocean_both_sidebars_sidebars_width":0,"ocean_sidebar":"0","ocean_second_sidebar":"0","ocean_disable_margins":"enable","ocean_add_body_class":"","ocean_shortcode_before_top_bar":"","ocean_shortcode_after_top_bar":"","ocean_shortcode_before_header":"","ocean_shortcode_after_header":"","ocean_has_shortcode":"","ocean_shortcode_after_title":"","ocean_shortcode_before_footer_widgets":"","ocean_shortcode_after_footer_widgets":"","ocean_shortcode_before_footer_bottom":"","ocean_shortcode_after_footer_bottom":"","ocean_display_top_bar":"off","ocean_display_header":"default","ocean_header_style":"","ocean_center_header_left_menu":"0","ocean_custom_header_template":"0","ocean_custom_logo":0,"ocean_custom_retina_logo":0,"ocean_custom_logo_max_width":0,"ocean_custom_logo_tablet_max_width":0,"ocean_custom_logo_mobile_max_width":0,"ocean_custom_logo_max_height":0,"ocean_custom_logo_tablet_max_height":0,"ocean_custom_logo_mobile_max_height":0,"ocean_header_custom_menu":"0","ocean_menu_typo_font_family":"0","ocean_menu_typo_font_subset":"","ocean_menu_typo_font_size":0,"ocean_menu_typo_font_size_tablet":0,"ocean_menu_typo_font_size_mobile":0,"ocean_menu_typo_font_size_unit":"px","ocean_menu_typo_font_weight":"","ocean_menu_typo_font_weight_tablet":"","ocean_menu_typo_font_weight_mobile":"","ocean_menu_typo_transform":"","ocean_menu_typo_transform_tablet":"","ocean_menu_typo_transform_mobile":"","ocean_menu_typo_line_height":0,"ocean_menu_typo_line_height_tablet":0,"ocean_menu_typo_line_height_mobile":0,"ocean_menu_typo_line_height_unit":"","ocean_menu_typo_spacing":0,"ocean_menu_typo_spacing_tablet":0,"ocean_menu_typo_spacing_mobile":0,"ocean_menu_typo_spacing_unit":"","ocean_menu_link_color":"","ocean_menu_link_color_hover":"","ocean_menu_link_color_active":"","ocean_menu_link_background":"","ocean_menu_link_hover_background":"","ocean_menu_link_active_background":"","ocean_menu_social_links_bg":"","ocean_menu_social_hover_links_bg":"","ocean_menu_social_links_color":"","ocean_menu_social_hover_links_color":"","ocean_disable_title":"on","ocean_disable_heading":"default","ocean_post_title":"","ocean_post_subheading":"","ocean_post_title_style":"","ocean_post_title_background_color":"","ocean_post_title_background":0,"ocean_post_title_bg_image_position":"","ocean_post_title_bg_image_attachment":"","ocean_post_title_bg_image_repeat":"","ocean_post_title_bg_image_size":"","ocean_post_title_height":0,"ocean_post_title_bg_overlay":0.5,"ocean_post_title_bg_overlay_color":"","ocean_disable_breadcrumbs":"off","ocean_breadcrumbs_color":"","ocean_breadcrumbs_separator_color":"","ocean_breadcrumbs_links_color":"","ocean_breadcrumbs_links_hover_color":"","ocean_display_footer_widgets":"default","ocean_display_footer_bottom":"default","ocean_custom_footer_template":"0","footnotes":""},"class_list":["post-3208","page","type-page","status-publish","hentry","entry"],"acf":[],"yoast_head":"<!-- This site is optimized with the Yoast SEO plugin v27.4 - https:\/\/yoast.com\/product\/yoast-seo-wordpress\/ -->\n<title>Programare online &#187; Clinica Stomatologie Chiromax Cabinet Stomatologic Galati Implant Dentar<\/title>\n<meta name=\"robots\" content=\"index, follow, max-snippet:-1, max-image-preview:large, max-video-preview:-1\" \/>\n<link rel=\"canonical\" href=\"https:\/\/chiromax.ro\/it\/programare-online\/\" \/>\n<meta property=\"og:locale\" content=\"it_IT\" \/>\n<meta property=\"og:type\" content=\"article\" \/>\n<meta property=\"og:title\" content=\"Programare online &#187; Clinica Stomatologie Chiromax Cabinet Stomatologic Galati Implant Dentar\" \/>\n<meta property=\"og:description\" content=\"Programare online F\u0103 o programare Programarea pentru consulta\u021bie va putea fi efectuat\u0103 dup\u0103 completarea formularului de mai jos. \u00cen cadrul formularului, \u00een c\u0103su\u021ba de mesaje, v\u0103 rug\u0103m s\u0103 descrie\u021bi ce tip de serviciu\/consultatie solicitati. Dac\u0103 ave\u021bi deja unele analize\/radiografii\/CT efectuate, le pute\u021bi inc\u0103rca \u00een cadrul formularului dedicat. Fi\u0219ierele acceptate sunt cele de tip .pdf, .jpeg, [&hellip;]\" \/>\n<meta property=\"og:url\" content=\"https:\/\/chiromax.ro\/it\/programare-online\/\" \/>\n<meta property=\"og:site_name\" content=\"Clinica Stomatologie Chiromax Cabinet Stomatologic Galati Implant Dentar\" \/>\n<meta property=\"article:publisher\" content=\"https:\/\/www.facebook.com\/Chiromax.ro\" \/>\n<meta property=\"article:modified_time\" content=\"2023-03-06T08:13:17+00:00\" \/>\n<meta property=\"og:image\" content=\"https:\/\/chiromax.ro\/wp-content\/uploads\/2020\/10\/home-programare-telefonica.jpg\" \/>\n\t<meta property=\"og:image:width\" content=\"1920\" \/>\n\t<meta property=\"og:image:height\" content=\"1280\" \/>\n\t<meta property=\"og:image:type\" content=\"image\/jpeg\" \/>\n<meta name=\"twitter:card\" content=\"summary_large_image\" \/>\n<meta name=\"twitter:label1\" content=\"Tempo di lettura stimato\" \/>\n\t<meta name=\"twitter:data1\" content=\"1 minuto\" \/>\n<script type=\"application\/ld+json\" class=\"yoast-schema-graph\">{\"@context\":\"https:\\\/\\\/schema.org\",\"@graph\":[{\"@type\":\"WebPage\",\"@id\":\"https:\\\/\\\/chiromax.ro\\\/programare-online\\\/\",\"url\":\"https:\\\/\\\/chiromax.ro\\\/programare-online\\\/\",\"name\":\"Programare online &#187; Clinica Stomatologie Chiromax Cabinet Stomatologic Galati Implant Dentar\",\"isPartOf\":{\"@id\":\"https:\\\/\\\/chiromax.ro\\\/#website\"},\"datePublished\":\"2022-12-08T13:22:15+00:00\",\"dateModified\":\"2023-03-06T08:13:17+00:00\",\"breadcrumb\":{\"@id\":\"https:\\\/\\\/chiromax.ro\\\/programare-online\\\/#breadcrumb\"},\"inLanguage\":\"it-IT\",\"potentialAction\":[{\"@type\":\"ReadAction\",\"target\":[\"https:\\\/\\\/chiromax.ro\\\/programare-online\\\/\"]}]},{\"@type\":\"BreadcrumbList\",\"@id\":\"https:\\\/\\\/chiromax.ro\\\/programare-online\\\/#breadcrumb\",\"itemListElement\":[{\"@type\":\"ListItem\",\"position\":1,\"name\":\"Prima pagin\u0103\",\"item\":\"https:\\\/\\\/chiromax.ro\\\/\"},{\"@type\":\"ListItem\",\"position\":2,\"name\":\"Programare online\"}]},{\"@type\":\"WebSite\",\"@id\":\"https:\\\/\\\/chiromax.ro\\\/#website\",\"url\":\"https:\\\/\\\/chiromax.ro\\\/\",\"name\":\"Clinica Stomatologie Chiromax Cabinet Stomatologic Galati Implant Dentar\",\"description\":\"Clinica Stomatologie Chiromax Galati\",\"publisher\":{\"@id\":\"https:\\\/\\\/chiromax.ro\\\/#organization\"},\"potentialAction\":[{\"@type\":\"SearchAction\",\"target\":{\"@type\":\"EntryPoint\",\"urlTemplate\":\"https:\\\/\\\/chiromax.ro\\\/?s={search_term_string}\"},\"query-input\":{\"@type\":\"PropertyValueSpecification\",\"valueRequired\":true,\"valueName\":\"search_term_string\"}}],\"inLanguage\":\"it-IT\"},{\"@type\":\"Organization\",\"@id\":\"https:\\\/\\\/chiromax.ro\\\/#organization\",\"name\":\"Clinica Stomatologie Chiromax Galati\",\"url\":\"https:\\\/\\\/chiromax.ro\\\/\",\"logo\":{\"@type\":\"ImageObject\",\"inLanguage\":\"it-IT\",\"@id\":\"https:\\\/\\\/chiromax.ro\\\/#\\\/schema\\\/logo\\\/image\\\/\",\"url\":\"https:\\\/\\\/chiromax.ro\\\/wp-content\\\/uploads\\\/2020\\\/08\\\/logo-chiromax-2020-350.png\",\"contentUrl\":\"https:\\\/\\\/chiromax.ro\\\/wp-content\\\/uploads\\\/2020\\\/08\\\/logo-chiromax-2020-350.png\",\"width\":350,\"height\":149,\"caption\":\"Clinica Stomatologie Chiromax Galati\"},\"image\":{\"@id\":\"https:\\\/\\\/chiromax.ro\\\/#\\\/schema\\\/logo\\\/image\\\/\"},\"sameAs\":[\"https:\\\/\\\/www.facebook.com\\\/Chiromax.ro\",\"https:\\\/\\\/www.instagram.com\\\/chiromax.ro\",\"https:\\\/\\\/www.youtube.com\\\/user\\\/ChiromaxGalati\"]}]}<\/script>\n<!-- \/ Yoast SEO plugin. -->","yoast_head_json":{"title":"Programare online &#187; Clinica Stomatologie Chiromax Cabinet Stomatologic Galati Implant Dentar","robots":{"index":"index","follow":"follow","max-snippet":"max-snippet:-1","max-image-preview":"max-image-preview:large","max-video-preview":"max-video-preview:-1"},"canonical":"https:\/\/chiromax.ro\/it\/programare-online\/","og_locale":"it_IT","og_type":"article","og_title":"Programare online &#187; Clinica Stomatologie Chiromax Cabinet Stomatologic Galati Implant Dentar","og_description":"Programare online F\u0103 o programare Programarea pentru consulta\u021bie va putea fi efectuat\u0103 dup\u0103 completarea formularului de mai jos. \u00cen cadrul formularului, \u00een c\u0103su\u021ba de mesaje, v\u0103 rug\u0103m s\u0103 descrie\u021bi ce tip de serviciu\/consultatie solicitati. Dac\u0103 ave\u021bi deja unele analize\/radiografii\/CT efectuate, le pute\u021bi inc\u0103rca \u00een cadrul formularului dedicat. Fi\u0219ierele acceptate sunt cele de tip .pdf, .jpeg, [&hellip;]","og_url":"https:\/\/chiromax.ro\/it\/programare-online\/","og_site_name":"Clinica Stomatologie Chiromax Cabinet Stomatologic Galati Implant Dentar","article_publisher":"https:\/\/www.facebook.com\/Chiromax.ro","article_modified_time":"2023-03-06T08:13:17+00:00","og_image":[{"width":1920,"height":1280,"url":"https:\/\/chiromax.ro\/wp-content\/uploads\/2020\/10\/home-programare-telefonica.jpg","type":"image\/jpeg"}],"twitter_card":"summary_large_image","twitter_misc":{"Tempo di lettura stimato":"1 minuto"},"schema":{"@context":"https:\/\/schema.org","@graph":[{"@type":"WebPage","@id":"https:\/\/chiromax.ro\/programare-online\/","url":"https:\/\/chiromax.ro\/programare-online\/","name":"Programare online &#187; Clinica Stomatologie Chiromax Cabinet Stomatologic Galati Implant Dentar","isPartOf":{"@id":"https:\/\/chiromax.ro\/#website"},"datePublished":"2022-12-08T13:22:15+00:00","dateModified":"2023-03-06T08:13:17+00:00","breadcrumb":{"@id":"https:\/\/chiromax.ro\/programare-online\/#breadcrumb"},"inLanguage":"it-IT","potentialAction":[{"@type":"ReadAction","target":["https:\/\/chiromax.ro\/programare-online\/"]}]},{"@type":"BreadcrumbList","@id":"https:\/\/chiromax.ro\/programare-online\/#breadcrumb","itemListElement":[{"@type":"ListItem","position":1,"name":"Prima pagin\u0103","item":"https:\/\/chiromax.ro\/"},{"@type":"ListItem","position":2,"name":"Programare online"}]},{"@type":"WebSite","@id":"https:\/\/chiromax.ro\/#website","url":"https:\/\/chiromax.ro\/","name":"Clinica Odontoiatrica Chiromax Studio Dentistico Galati Impianto Dentale","description":"Clinica Stomatologie Chiromax Galati","publisher":{"@id":"https:\/\/chiromax.ro\/#organization"},"potentialAction":[{"@type":"SearchAction","target":{"@type":"EntryPoint","urlTemplate":"https:\/\/chiromax.ro\/?s={search_term_string}"},"query-input":{"@type":"PropertyValueSpecification","valueRequired":true,"valueName":"search_term_string"}}],"inLanguage":"it-IT"},{"@type":"Organization","@id":"https:\/\/chiromax.ro\/#organization","name":"Clinica Stomatologie Chiromax Galati","url":"https:\/\/chiromax.ro\/","logo":{"@type":"ImageObject","inLanguage":"it-IT","@id":"https:\/\/chiromax.ro\/#\/schema\/logo\/image\/","url":"https:\/\/chiromax.ro\/wp-content\/uploads\/2020\/08\/logo-chiromax-2020-350.png","contentUrl":"https:\/\/chiromax.ro\/wp-content\/uploads\/2020\/08\/logo-chiromax-2020-350.png","width":350,"height":149,"caption":"Clinica Stomatologie Chiromax Galati"},"image":{"@id":"https:\/\/chiromax.ro\/#\/schema\/logo\/image\/"},"sameAs":["https:\/\/www.facebook.com\/Chiromax.ro","https:\/\/www.instagram.com\/chiromax.ro","https:\/\/www.youtube.com\/user\/ChiromaxGalati"]}]}},"_links":{"self":[{"href":"https:\/\/chiromax.ro\/it\/wp-json\/wp\/v2\/pages\/3208","targetHints":{"allow":["GET"]}}],"collection":[{"href":"https:\/\/chiromax.ro\/it\/wp-json\/wp\/v2\/pages"}],"about":[{"href":"https:\/\/chiromax.ro\/it\/wp-json\/wp\/v2\/types\/page"}],"author":[{"embeddable":true,"href":"https:\/\/chiromax.ro\/it\/wp-json\/wp\/v2\/users\/1"}],"replies":[{"embeddable":true,"href":"https:\/\/chiromax.ro\/it\/wp-json\/wp\/v2\/comments?post=3208"}],"version-history":[{"count":7,"href":"https:\/\/chiromax.ro\/it\/wp-json\/wp\/v2\/pages\/3208\/revisions"}],"predecessor-version":[{"id":3512,"href":"https:\/\/chiromax.ro\/it\/wp-json\/wp\/v2\/pages\/3208\/revisions\/3512"}],"wp:attachment":[{"href":"https:\/\/chiromax.ro\/it\/wp-json\/wp\/v2\/media?parent=3208"}],"curies":[{"name":"wp","href":"https:\/\/api.w.org\/{rel}","templated":true}]}}