{"id":2797,"date":"2021-07-05T15:55:34","date_gmt":"2021-07-05T15:55:34","guid":{"rendered":"https:\/\/chiromax.ro\/?page_id=2797"},"modified":"2021-07-05T16:07:03","modified_gmt":"2021-07-05T16:07:03","slug":"politica-sui-cookie","status":"publish","type":"page","link":"https:\/\/chiromax.ro\/it\/politica-de-cookie-uri\/","title":{"rendered":"Politica sui cookie"},"content":{"rendered":"<div data-elementor-type=\"wp-page\" data-elementor-id=\"2797\" class=\"elementor elementor-2797\" data-elementor-post-type=\"page\">\n\t\t\t\t\t\t<section class=\"elementor-section elementor-top-section elementor-element elementor-element-4505169 elementor-section-full_width elementor-reverse-mobile elementor-section-height-default elementor-section-height-default\" data-id=\"4505169\" data-element_type=\"section\" data-e-type=\"section\" data-settings=\"{&quot;background_background&quot;:&quot;classic&quot;,&quot;_ob_glider_is_slider&quot;:&quot;no&quot;}\">\n\t\t\t\t\t\t<div class=\"elementor-container elementor-column-gap-no\">\n\t\t\t\t\t<div class=\"elementor-column elementor-col-50 elementor-top-column elementor-element elementor-element-2c20948\" data-id=\"2c20948\" data-element_type=\"column\" data-e-type=\"column\" data-settings=\"{&quot;background_background&quot;:&quot;classic&quot;,&quot;_ob_column_hoveranimator&quot;:&quot;no&quot;,&quot;_ob_column_has_pseudo&quot;:&quot;no&quot;}\">\n\t\t\t<div class=\"elementor-widget-wrap elementor-element-populated\">\n\t\t\t\t\t\t<div class=\"elementor-element elementor-element-5ad8ae1 ob-harakiri-inherit ob-has-background-overlay elementor-widget elementor-widget-heading\" data-id=\"5ad8ae1\" data-element_type=\"widget\" data-e-type=\"widget\" data-settings=\"{&quot;_ob_use_harakiri&quot;:&quot;yes&quot;,&quot;_ob_harakiri_writing_mode&quot;:&quot;inherit&quot;,&quot;_ob_harakiri_text_clip&quot;:&quot;none&quot;,&quot;_ob_widget_stalker_use&quot;:&quot;no&quot;,&quot;_ob_poopart_use&quot;:&quot;yes&quot;,&quot;_ob_shadough_use&quot;:&quot;no&quot;,&quot;_ob_allow_hoveranimator&quot;:&quot;no&quot;}\" data-widget_type=\"heading.default\">\n\t\t\t\t<div class=\"elementor-widget-container\">\n\t\t\t\t\t<h1 class=\"elementor-heading-title elementor-size-default\">Politica sui cookie<\/h1>\t\t\t\t<\/div>\n\t\t\t\t<\/div>\n\t\t\t\t\t<\/div>\n\t\t<\/div>\n\t\t\t\t<div class=\"elementor-column elementor-col-50 elementor-top-column elementor-element elementor-element-e38ca46 elementor-hidden-phone\" data-id=\"e38ca46\" data-element_type=\"column\" data-e-type=\"column\" data-settings=\"{&quot;background_background&quot;:&quot;classic&quot;,&quot;_ob_column_hoveranimator&quot;:&quot;no&quot;,&quot;_ob_column_has_pseudo&quot;:&quot;no&quot;}\">\n\t\t\t<div class=\"elementor-widget-wrap elementor-element-populated\">\n\t\t\t\t\t<div class=\"elementor-background-overlay\"><\/div>\n\t\t\t\t\t\t<div class=\"elementor-element elementor-element-2c3e9b7 ob-has-background-overlay elementor-widget elementor-widget-spacer\" data-id=\"2c3e9b7\" data-element_type=\"widget\" data-e-type=\"widget\" data-settings=\"{&quot;_ob_spacerat_use&quot;:&quot;no&quot;,&quot;_ob_widget_stalker_use&quot;:&quot;no&quot;,&quot;_ob_poopart_use&quot;:&quot;yes&quot;,&quot;_ob_shadough_use&quot;:&quot;no&quot;,&quot;_ob_allow_hoveranimator&quot;:&quot;no&quot;}\" data-widget_type=\"spacer.default\">\n\t\t\t\t<div class=\"elementor-widget-container\">\n\t\t\t\t\t\t\t<div class=\"elementor-spacer\">\n\t\t\t<div class=\"elementor-spacer-inner\"><\/div>\n\t\t<\/div>\n\t\t\t\t\t\t<\/div>\n\t\t\t\t<\/div>\n\t\t\t\t\t<\/div>\n\t\t<\/div>\n\t\t\t\t\t<\/div>\n\t\t<\/section>\n\t\t\t\t<section class=\"elementor-section elementor-top-section elementor-element elementor-element-7718858 elementor-section-boxed elementor-section-height-default elementor-section-height-default\" data-id=\"7718858\" data-element_type=\"section\" data-e-type=\"section\" data-settings=\"{&quot;_ob_glider_is_slider&quot;:&quot;no&quot;}\">\n\t\t\t\t\t\t<div class=\"elementor-container elementor-column-gap-default\">\n\t\t\t\t\t<div class=\"elementor-column elementor-col-100 elementor-top-column elementor-element elementor-element-9e9ba7b\" data-id=\"9e9ba7b\" data-element_type=\"column\" data-e-type=\"column\" data-settings=\"{&quot;_ob_column_hoveranimator&quot;:&quot;no&quot;,&quot;_ob_column_has_pseudo&quot;:&quot;no&quot;}\">\n\t\t\t<div class=\"elementor-widget-wrap elementor-element-populated\">\n\t\t\t\t\t\t<div class=\"elementor-element elementor-element-6cc7b9b ob-harakiri-inherit ob-has-background-overlay elementor-widget elementor-widget-heading\" data-id=\"6cc7b9b\" data-element_type=\"widget\" data-e-type=\"widget\" data-settings=\"{&quot;_ob_use_harakiri&quot;:&quot;yes&quot;,&quot;_ob_harakiri_writing_mode&quot;:&quot;inherit&quot;,&quot;_ob_harakiri_text_clip&quot;:&quot;none&quot;,&quot;_ob_widget_stalker_use&quot;:&quot;no&quot;,&quot;_ob_poopart_use&quot;:&quot;yes&quot;,&quot;_ob_shadough_use&quot;:&quot;no&quot;,&quot;_ob_allow_hoveranimator&quot;:&quot;no&quot;}\" data-widget_type=\"heading.default\">\n\t\t\t\t<div class=\"elementor-widget-container\">\n\t\t\t\t\t<h3 class=\"elementor-heading-title elementor-size-default\">Amministrazione del consenso:<\/h3>\t\t\t\t<\/div>\n\t\t\t\t<\/div>\n\t\t\t\t<div class=\"elementor-element elementor-element-c886159 ob-harakiri-inherit ob-has-background-overlay elementor-widget elementor-widget-text-editor\" data-id=\"c886159\" data-element_type=\"widget\" data-e-type=\"widget\" data-settings=\"{&quot;_ob_use_harakiri&quot;:&quot;yes&quot;,&quot;_ob_harakiri_writing_mode&quot;:&quot;inherit&quot;,&quot;_ob_postman_use&quot;:&quot;no&quot;,&quot;_ob_widget_stalker_use&quot;:&quot;no&quot;,&quot;_ob_poopart_use&quot;:&quot;yes&quot;,&quot;_ob_shadough_use&quot;:&quot;no&quot;,&quot;_ob_allow_hoveranimator&quot;:&quot;no&quot;}\" data-widget_type=\"text-editor.default\">\n\t\t\t\t<div class=\"elementor-widget-container\">\n\t\t\t\t\t\t\t\t\t<p>Quando visiti un sito web, questo pu\u00f2 memorizzare o recuperare informazioni dal tuo browser, in particolare sotto forma di cookie. Queste informazioni possono riguardare te, le tue preferenze o il tuo dispositivo e vengono utilizzate principalmente per far funzionare il sito come previsto. Di solito, le informazioni non ti identificano direttamente, ma ti danno un'esperienza web personalizzata. Poich\u00e9 rispettiamo il tuo diritto alla privacy, puoi scegliere di non consentire determinati tipi di cookie. Fare clic sulle categorie di seguito per saperne di pi\u00f9 e modificare le nostre impostazioni predefinite. Tuttavia, il blocco di alcuni tipi di cookie potrebbe avere un impatto sulla tua esperienza sul sito e sui servizi che possiamo offrire.<\/p>\t\t\t\t\t\t\t\t<\/div>\n\t\t\t\t<\/div>\n\t\t\t\t<div class=\"elementor-element elementor-element-297066d ob-harakiri-inherit ob-has-background-overlay elementor-widget elementor-widget-heading\" data-id=\"297066d\" data-element_type=\"widget\" data-e-type=\"widget\" data-settings=\"{&quot;_ob_use_harakiri&quot;:&quot;yes&quot;,&quot;_ob_harakiri_writing_mode&quot;:&quot;inherit&quot;,&quot;_ob_harakiri_text_clip&quot;:&quot;none&quot;,&quot;_ob_widget_stalker_use&quot;:&quot;no&quot;,&quot;_ob_poopart_use&quot;:&quot;yes&quot;,&quot;_ob_shadough_use&quot;:&quot;no&quot;,&quot;_ob_allow_hoveranimator&quot;:&quot;no&quot;}\" data-widget_type=\"heading.default\">\n\t\t\t\t<div class=\"elementor-widget-container\">\n\t\t\t\t\t<h3 class=\"elementor-heading-title elementor-size-default\">Cookie essenziali:<\/h3>\t\t\t\t<\/div>\n\t\t\t\t<\/div>\n\t\t\t\t<div class=\"elementor-element elementor-element-5cdaec9 ob-harakiri-inherit ob-has-background-overlay elementor-widget elementor-widget-text-editor\" data-id=\"5cdaec9\" data-element_type=\"widget\" data-e-type=\"widget\" data-settings=\"{&quot;_ob_use_harakiri&quot;:&quot;yes&quot;,&quot;_ob_harakiri_writing_mode&quot;:&quot;inherit&quot;,&quot;_ob_postman_use&quot;:&quot;no&quot;,&quot;_ob_widget_stalker_use&quot;:&quot;no&quot;,&quot;_ob_poopart_use&quot;:&quot;yes&quot;,&quot;_ob_shadough_use&quot;:&quot;no&quot;,&quot;_ob_allow_hoveranimator&quot;:&quot;no&quot;}\" data-widget_type=\"text-editor.default\">\n\t\t\t\t<div class=\"elementor-widget-container\">\n\t\t\t\t\t\t\t\t\t<p>Questi cookie sono necessari per il funzionamento del sito Web e non possono essere disattivati \u200b\u200bnei nostri sistemi. Di solito vengono impostati solo in risposta alle azioni intraprese che rappresentano una richiesta di servizi, come l'impostazione delle preferenze sulla privacy, l'autenticazione o la compilazione di moduli. Puoi impostare il tuo browser per bloccare o avvisarti di questi cookie, ma alcune parti del sito non funzioneranno. Questi cookie non memorizzano alcuna informazione di identificazione personale.<\/p>\t\t\t\t\t\t\t\t<\/div>\n\t\t\t\t<\/div>\n\t\t\t\t<div class=\"elementor-element elementor-element-cb333d9 ob-harakiri-inherit ob-has-background-overlay elementor-widget elementor-widget-heading\" data-id=\"cb333d9\" data-element_type=\"widget\" data-e-type=\"widget\" data-settings=\"{&quot;_ob_use_harakiri&quot;:&quot;yes&quot;,&quot;_ob_harakiri_writing_mode&quot;:&quot;inherit&quot;,&quot;_ob_harakiri_text_clip&quot;:&quot;none&quot;,&quot;_ob_widget_stalker_use&quot;:&quot;no&quot;,&quot;_ob_poopart_use&quot;:&quot;yes&quot;,&quot;_ob_shadough_use&quot;:&quot;no&quot;,&quot;_ob_allow_hoveranimator&quot;:&quot;no&quot;}\" data-widget_type=\"heading.default\">\n\t\t\t\t<div class=\"elementor-widget-container\">\n\t\t\t\t\t<h3 class=\"elementor-heading-title elementor-size-default\">Cookie di prestazione:<\/h3>\t\t\t\t<\/div>\n\t\t\t\t<\/div>\n\t\t\t\t<div class=\"elementor-element elementor-element-a508392 ob-harakiri-inherit ob-has-background-overlay elementor-widget elementor-widget-text-editor\" data-id=\"a508392\" data-element_type=\"widget\" data-e-type=\"widget\" data-settings=\"{&quot;_ob_use_harakiri&quot;:&quot;yes&quot;,&quot;_ob_harakiri_writing_mode&quot;:&quot;inherit&quot;,&quot;_ob_postman_use&quot;:&quot;no&quot;,&quot;_ob_widget_stalker_use&quot;:&quot;no&quot;,&quot;_ob_poopart_use&quot;:&quot;yes&quot;,&quot;_ob_shadough_use&quot;:&quot;no&quot;,&quot;_ob_allow_hoveranimator&quot;:&quot;no&quot;}\" data-widget_type=\"text-editor.default\">\n\t\t\t\t<div class=\"elementor-widget-container\">\n\t\t\t\t\t\t\t\t\t<p>Questi cookie ci consentono di contare le visite e le sorgenti di traffico, in modo da poter misurare e migliorare le prestazioni del nostro sito. Ci aiutano a sapere quali sono le pagine meno popolari e a vedere come i visitatori si muovono nel sito. Tutte le informazioni raccolte da questi cookie sono aggregate e quindi anonime. Se non autorizzi questi cookie, non sapremo quando hai visitato il nostro sito e non saremo in grado di monitorarne le prestazioni.<\/p>\t\t\t\t\t\t\t\t<\/div>\n\t\t\t\t<\/div>\n\t\t\t\t<div class=\"elementor-element elementor-element-83ddf4e ob-harakiri-inherit ob-has-background-overlay elementor-widget elementor-widget-heading\" data-id=\"83ddf4e\" data-element_type=\"widget\" data-e-type=\"widget\" data-settings=\"{&quot;_ob_use_harakiri&quot;:&quot;yes&quot;,&quot;_ob_harakiri_writing_mode&quot;:&quot;inherit&quot;,&quot;_ob_harakiri_text_clip&quot;:&quot;none&quot;,&quot;_ob_widget_stalker_use&quot;:&quot;no&quot;,&quot;_ob_poopart_use&quot;:&quot;yes&quot;,&quot;_ob_shadough_use&quot;:&quot;no&quot;,&quot;_ob_allow_hoveranimator&quot;:&quot;no&quot;}\" data-widget_type=\"heading.default\">\n\t\t\t\t<div class=\"elementor-widget-container\">\n\t\t\t\t\t<h3 class=\"elementor-heading-title elementor-size-default\">Cookie pubblicitari:<\/h3>\t\t\t\t<\/div>\n\t\t\t\t<\/div>\n\t\t\t\t<div class=\"elementor-element elementor-element-67d8148 ob-harakiri-inherit ob-has-background-overlay elementor-widget elementor-widget-text-editor\" data-id=\"67d8148\" data-element_type=\"widget\" data-e-type=\"widget\" data-settings=\"{&quot;_ob_use_harakiri&quot;:&quot;yes&quot;,&quot;_ob_harakiri_writing_mode&quot;:&quot;inherit&quot;,&quot;_ob_postman_use&quot;:&quot;no&quot;,&quot;_ob_widget_stalker_use&quot;:&quot;no&quot;,&quot;_ob_poopart_use&quot;:&quot;yes&quot;,&quot;_ob_shadough_use&quot;:&quot;no&quot;,&quot;_ob_allow_hoveranimator&quot;:&quot;no&quot;}\" data-widget_type=\"text-editor.default\">\n\t\t\t\t<div class=\"elementor-widget-container\">\n\t\t\t\t\t\t\t\t\t<p>Questi cookie possono essere impostati sul nostro sito dai nostri partner pubblicitari. Questi possono essere utilizzati da queste societ\u00e0 per creare un profilo dei tuoi interessi e per mostrarti annunci pertinenti su altri siti. Non memorizza direttamente le informazioni personali, ma si basa sull'identificazione univoca del browser e del dispositivo Internet. Se non autorizzi questi cookie, riceverai pubblicit\u00e0 meno personalizzata.<\/p>\t\t\t\t\t\t\t\t<\/div>\n\t\t\t\t<\/div>\n\t\t\t\t\t<\/div>\n\t\t<\/div>\n\t\t\t\t\t<\/div>\n\t\t<\/section>\n\t\t\t\t<\/div>","protected":false},"excerpt":{"rendered":"<p>Politica de cookie-uri Administrare consim\u021b\u0103minte: C\u00e2nd vizita\u021bi un site Web, acesta poate stoca sau prelua informa\u021bii din browserul dvs., mai ales sub form\u0103 de cookie-uri. Aceste informa\u021bii ar putea fi despre dvs., despre preferin\u021bele dvs. sau despre dispozitivul dvs. \u0219i sunt folosite, \u00een cea mai mare parte, pentru a face c\u0103 site-ul s\u0103 func\u021bioneze a\u0219a [&hellip;]<\/p>\n","protected":false},"author":1,"featured_media":0,"parent":0,"menu_order":0,"comment_status":"closed","ping_status":"closed","template":"","meta":{"_acf_changed":false,"ocean_post_layout":"full-screen","ocean_both_sidebars_style":"","ocean_both_sidebars_content_width":0,"ocean_both_sidebars_sidebars_width":0,"ocean_sidebar":"0","ocean_second_sidebar":"0","ocean_disable_margins":"on","ocean_add_body_class":"","ocean_shortcode_before_top_bar":"","ocean_shortcode_after_top_bar":"","ocean_shortcode_before_header":"","ocean_shortcode_after_header":"","ocean_has_shortcode":"","ocean_shortcode_after_title":"","ocean_shortcode_before_footer_widgets":"","ocean_shortcode_after_footer_widgets":"","ocean_shortcode_before_footer_bottom":"","ocean_shortcode_after_footer_bottom":"","ocean_display_top_bar":"off","ocean_display_header":"default","ocean_header_style":"","ocean_center_header_left_menu":"0","ocean_custom_header_template":"0","ocean_custom_logo":0,"ocean_custom_retina_logo":0,"ocean_custom_logo_max_width":0,"ocean_custom_logo_tablet_max_width":0,"ocean_custom_logo_mobile_max_width":0,"ocean_custom_logo_max_height":0,"ocean_custom_logo_tablet_max_height":0,"ocean_custom_logo_mobile_max_height":0,"ocean_header_custom_menu":"0","ocean_menu_typo_font_family":"0","ocean_menu_typo_font_subset":"","ocean_menu_typo_font_size":0,"ocean_menu_typo_font_size_tablet":0,"ocean_menu_typo_font_size_mobile":0,"ocean_menu_typo_font_size_unit":"px","ocean_menu_typo_font_weight":"","ocean_menu_typo_font_weight_tablet":"","ocean_menu_typo_font_weight_mobile":"","ocean_menu_typo_transform":"","ocean_menu_typo_transform_tablet":"","ocean_menu_typo_transform_mobile":"","ocean_menu_typo_line_height":0,"ocean_menu_typo_line_height_tablet":0,"ocean_menu_typo_line_height_mobile":0,"ocean_menu_typo_line_height_unit":"","ocean_menu_typo_spacing":0,"ocean_menu_typo_spacing_tablet":0,"ocean_menu_typo_spacing_mobile":0,"ocean_menu_typo_spacing_unit":"","ocean_menu_link_color":"","ocean_menu_link_color_hover":"","ocean_menu_link_color_active":"","ocean_menu_link_background":"","ocean_menu_link_hover_background":"","ocean_menu_link_active_background":"","ocean_menu_social_links_bg":"","ocean_menu_social_hover_links_bg":"","ocean_menu_social_links_color":"","ocean_menu_social_hover_links_color":"","ocean_disable_title":"on","ocean_disable_heading":"default","ocean_post_title":"","ocean_post_subheading":"","ocean_post_title_style":"","ocean_post_title_background_color":"","ocean_post_title_background":0,"ocean_post_title_bg_image_position":"","ocean_post_title_bg_image_attachment":"","ocean_post_title_bg_image_repeat":"","ocean_post_title_bg_image_size":"","ocean_post_title_height":0,"ocean_post_title_bg_overlay":0.5,"ocean_post_title_bg_overlay_color":"","ocean_disable_breadcrumbs":"off","ocean_breadcrumbs_color":"","ocean_breadcrumbs_separator_color":"","ocean_breadcrumbs_links_color":"","ocean_breadcrumbs_links_hover_color":"","ocean_display_footer_widgets":"default","ocean_display_footer_bottom":"default","ocean_custom_footer_template":"0","footnotes":""},"class_list":["post-2797","page","type-page","status-publish","hentry","entry"],"acf":[],"yoast_head":"<!-- This site is optimized with the Yoast SEO plugin v27.4 - https:\/\/yoast.com\/product\/yoast-seo-wordpress\/ -->\n<title>Politica de cookie-uri &#187; Clinica Stomatologie Chiromax Cabinet Stomatologic Galati Implant Dentar<\/title>\n<meta name=\"robots\" content=\"index, follow, max-snippet:-1, max-image-preview:large, max-video-preview:-1\" \/>\n<link rel=\"canonical\" href=\"https:\/\/chiromax.ro\/it\/politica-sui-cookie\/\" \/>\n<meta property=\"og:locale\" content=\"it_IT\" \/>\n<meta property=\"og:type\" content=\"article\" \/>\n<meta property=\"og:title\" content=\"Politica de cookie-uri &#187; Clinica Stomatologie Chiromax Cabinet Stomatologic Galati Implant Dentar\" \/>\n<meta property=\"og:description\" content=\"Politica de cookie-uri Administrare consim\u021b\u0103minte: C\u00e2nd vizita\u021bi un site Web, acesta poate stoca sau prelua informa\u021bii din browserul dvs., mai ales sub form\u0103 de cookie-uri. Aceste informa\u021bii ar putea fi despre dvs., despre preferin\u021bele dvs. sau despre dispozitivul dvs. \u0219i sunt folosite, \u00een cea mai mare parte, pentru a face c\u0103 site-ul s\u0103 func\u021bioneze a\u0219a [&hellip;]\" \/>\n<meta property=\"og:url\" content=\"https:\/\/chiromax.ro\/it\/politica-sui-cookie\/\" \/>\n<meta property=\"og:site_name\" content=\"Clinica Stomatologie Chiromax Cabinet Stomatologic Galati Implant Dentar\" \/>\n<meta property=\"article:publisher\" content=\"https:\/\/www.facebook.com\/Chiromax.ro\" \/>\n<meta property=\"article:modified_time\" content=\"2021-07-05T16:07:03+00:00\" \/>\n<meta property=\"og:image\" content=\"https:\/\/chiromax.ro\/wp-content\/uploads\/2020\/10\/home-programare-telefonica.jpg\" \/>\n\t<meta property=\"og:image:width\" content=\"1920\" \/>\n\t<meta property=\"og:image:height\" content=\"1280\" \/>\n\t<meta property=\"og:image:type\" content=\"image\/jpeg\" \/>\n<meta name=\"twitter:card\" content=\"summary_large_image\" \/>\n<meta name=\"twitter:label1\" content=\"Tempo di lettura stimato\" \/>\n\t<meta name=\"twitter:data1\" content=\"2 minuti\" \/>\n<script type=\"application\/ld+json\" class=\"yoast-schema-graph\">{\"@context\":\"https:\\\/\\\/schema.org\",\"@graph\":[{\"@type\":\"WebPage\",\"@id\":\"https:\\\/\\\/chiromax.ro\\\/politica-de-cookie-uri\\\/\",\"url\":\"https:\\\/\\\/chiromax.ro\\\/politica-de-cookie-uri\\\/\",\"name\":\"Politica de cookie-uri &#187; Clinica Stomatologie Chiromax Cabinet Stomatologic Galati Implant Dentar\",\"isPartOf\":{\"@id\":\"https:\\\/\\\/chiromax.ro\\\/#website\"},\"datePublished\":\"2021-07-05T15:55:34+00:00\",\"dateModified\":\"2021-07-05T16:07:03+00:00\",\"breadcrumb\":{\"@id\":\"https:\\\/\\\/chiromax.ro\\\/politica-de-cookie-uri\\\/#breadcrumb\"},\"inLanguage\":\"it-IT\",\"potentialAction\":[{\"@type\":\"ReadAction\",\"target\":[\"https:\\\/\\\/chiromax.ro\\\/politica-de-cookie-uri\\\/\"]}]},{\"@type\":\"BreadcrumbList\",\"@id\":\"https:\\\/\\\/chiromax.ro\\\/politica-de-cookie-uri\\\/#breadcrumb\",\"itemListElement\":[{\"@type\":\"ListItem\",\"position\":1,\"name\":\"Prima pagin\u0103\",\"item\":\"https:\\\/\\\/chiromax.ro\\\/\"},{\"@type\":\"ListItem\",\"position\":2,\"name\":\"Politica de cookie-uri\"}]},{\"@type\":\"WebSite\",\"@id\":\"https:\\\/\\\/chiromax.ro\\\/#website\",\"url\":\"https:\\\/\\\/chiromax.ro\\\/\",\"name\":\"Clinica Stomatologie Chiromax Cabinet Stomatologic Galati Implant Dentar\",\"description\":\"Clinica Stomatologie Chiromax Galati\",\"publisher\":{\"@id\":\"https:\\\/\\\/chiromax.ro\\\/#organization\"},\"potentialAction\":[{\"@type\":\"SearchAction\",\"target\":{\"@type\":\"EntryPoint\",\"urlTemplate\":\"https:\\\/\\\/chiromax.ro\\\/?s={search_term_string}\"},\"query-input\":{\"@type\":\"PropertyValueSpecification\",\"valueRequired\":true,\"valueName\":\"search_term_string\"}}],\"inLanguage\":\"it-IT\"},{\"@type\":\"Organization\",\"@id\":\"https:\\\/\\\/chiromax.ro\\\/#organization\",\"name\":\"Clinica Stomatologie Chiromax Galati\",\"url\":\"https:\\\/\\\/chiromax.ro\\\/\",\"logo\":{\"@type\":\"ImageObject\",\"inLanguage\":\"it-IT\",\"@id\":\"https:\\\/\\\/chiromax.ro\\\/#\\\/schema\\\/logo\\\/image\\\/\",\"url\":\"https:\\\/\\\/chiromax.ro\\\/wp-content\\\/uploads\\\/2020\\\/08\\\/logo-chiromax-2020-350.png\",\"contentUrl\":\"https:\\\/\\\/chiromax.ro\\\/wp-content\\\/uploads\\\/2020\\\/08\\\/logo-chiromax-2020-350.png\",\"width\":350,\"height\":149,\"caption\":\"Clinica Stomatologie Chiromax Galati\"},\"image\":{\"@id\":\"https:\\\/\\\/chiromax.ro\\\/#\\\/schema\\\/logo\\\/image\\\/\"},\"sameAs\":[\"https:\\\/\\\/www.facebook.com\\\/Chiromax.ro\",\"https:\\\/\\\/www.instagram.com\\\/chiromax.ro\",\"https:\\\/\\\/www.youtube.com\\\/user\\\/ChiromaxGalati\"]}]}<\/script>\n<!-- \/ Yoast SEO plugin. -->","yoast_head_json":{"title":"Politica de cookie-uri &#187; Clinica Stomatologie Chiromax Cabinet Stomatologic Galati Implant Dentar","robots":{"index":"index","follow":"follow","max-snippet":"max-snippet:-1","max-image-preview":"max-image-preview:large","max-video-preview":"max-video-preview:-1"},"canonical":"https:\/\/chiromax.ro\/it\/politica-sui-cookie\/","og_locale":"it_IT","og_type":"article","og_title":"Politica de cookie-uri &#187; Clinica Stomatologie Chiromax Cabinet Stomatologic Galati Implant Dentar","og_description":"Politica de cookie-uri Administrare consim\u021b\u0103minte: C\u00e2nd vizita\u021bi un site Web, acesta poate stoca sau prelua informa\u021bii din browserul dvs., mai ales sub form\u0103 de cookie-uri. Aceste informa\u021bii ar putea fi despre dvs., despre preferin\u021bele dvs. sau despre dispozitivul dvs. \u0219i sunt folosite, \u00een cea mai mare parte, pentru a face c\u0103 site-ul s\u0103 func\u021bioneze a\u0219a [&hellip;]","og_url":"https:\/\/chiromax.ro\/it\/politica-sui-cookie\/","og_site_name":"Clinica Stomatologie Chiromax Cabinet Stomatologic Galati Implant Dentar","article_publisher":"https:\/\/www.facebook.com\/Chiromax.ro","article_modified_time":"2021-07-05T16:07:03+00:00","og_image":[{"width":1920,"height":1280,"url":"https:\/\/chiromax.ro\/wp-content\/uploads\/2020\/10\/home-programare-telefonica.jpg","type":"image\/jpeg"}],"twitter_card":"summary_large_image","twitter_misc":{"Tempo di lettura stimato":"2 minuti"},"schema":{"@context":"https:\/\/schema.org","@graph":[{"@type":"WebPage","@id":"https:\/\/chiromax.ro\/politica-de-cookie-uri\/","url":"https:\/\/chiromax.ro\/politica-de-cookie-uri\/","name":"Politica de cookie-uri &#187; Clinica Stomatologie Chiromax Cabinet Stomatologic Galati Implant Dentar","isPartOf":{"@id":"https:\/\/chiromax.ro\/#website"},"datePublished":"2021-07-05T15:55:34+00:00","dateModified":"2021-07-05T16:07:03+00:00","breadcrumb":{"@id":"https:\/\/chiromax.ro\/politica-de-cookie-uri\/#breadcrumb"},"inLanguage":"it-IT","potentialAction":[{"@type":"ReadAction","target":["https:\/\/chiromax.ro\/politica-de-cookie-uri\/"]}]},{"@type":"BreadcrumbList","@id":"https:\/\/chiromax.ro\/politica-de-cookie-uri\/#breadcrumb","itemListElement":[{"@type":"ListItem","position":1,"name":"Prima pagin\u0103","item":"https:\/\/chiromax.ro\/"},{"@type":"ListItem","position":2,"name":"Politica de cookie-uri"}]},{"@type":"WebSite","@id":"https:\/\/chiromax.ro\/#website","url":"https:\/\/chiromax.ro\/","name":"Clinica Odontoiatrica Chiromax Studio Dentistico Galati Impianto Dentale","description":"Clinica Stomatologie Chiromax Galati","publisher":{"@id":"https:\/\/chiromax.ro\/#organization"},"potentialAction":[{"@type":"SearchAction","target":{"@type":"EntryPoint","urlTemplate":"https:\/\/chiromax.ro\/?s={search_term_string}"},"query-input":{"@type":"PropertyValueSpecification","valueRequired":true,"valueName":"search_term_string"}}],"inLanguage":"it-IT"},{"@type":"Organization","@id":"https:\/\/chiromax.ro\/#organization","name":"Clinica Stomatologie Chiromax Galati","url":"https:\/\/chiromax.ro\/","logo":{"@type":"ImageObject","inLanguage":"it-IT","@id":"https:\/\/chiromax.ro\/#\/schema\/logo\/image\/","url":"https:\/\/chiromax.ro\/wp-content\/uploads\/2020\/08\/logo-chiromax-2020-350.png","contentUrl":"https:\/\/chiromax.ro\/wp-content\/uploads\/2020\/08\/logo-chiromax-2020-350.png","width":350,"height":149,"caption":"Clinica Stomatologie Chiromax Galati"},"image":{"@id":"https:\/\/chiromax.ro\/#\/schema\/logo\/image\/"},"sameAs":["https:\/\/www.facebook.com\/Chiromax.ro","https:\/\/www.instagram.com\/chiromax.ro","https:\/\/www.youtube.com\/user\/ChiromaxGalati"]}]}},"_links":{"self":[{"href":"https:\/\/chiromax.ro\/it\/wp-json\/wp\/v2\/pages\/2797","targetHints":{"allow":["GET"]}}],"collection":[{"href":"https:\/\/chiromax.ro\/it\/wp-json\/wp\/v2\/pages"}],"about":[{"href":"https:\/\/chiromax.ro\/it\/wp-json\/wp\/v2\/types\/page"}],"author":[{"embeddable":true,"href":"https:\/\/chiromax.ro\/it\/wp-json\/wp\/v2\/users\/1"}],"replies":[{"embeddable":true,"href":"https:\/\/chiromax.ro\/it\/wp-json\/wp\/v2\/comments?post=2797"}],"version-history":[{"count":0,"href":"https:\/\/chiromax.ro\/it\/wp-json\/wp\/v2\/pages\/2797\/revisions"}],"wp:attachment":[{"href":"https:\/\/chiromax.ro\/it\/wp-json\/wp\/v2\/media?parent=2797"}],"curies":[{"name":"wp","href":"https:\/\/api.w.org\/{rel}","templated":true}]}}