{"id":1710,"date":"2020-08-24T16:16:50","date_gmt":"2020-08-24T16:16:50","guid":{"rendered":"https:\/\/chiromax.ro\/?page_id=1710"},"modified":"2021-05-07T08:02:16","modified_gmt":"2021-05-07T08:02:16","slug":"implantologia","status":"publish","type":"page","link":"https:\/\/chiromax.ro\/it\/implantologie\/","title":{"rendered":"Implantologia"},"content":{"rendered":"<div data-elementor-type=\"wp-page\" data-elementor-id=\"1710\" class=\"elementor elementor-1710\" data-elementor-post-type=\"page\">\n\t\t\t\t\t\t<section class=\"elementor-section elementor-top-section elementor-element elementor-element-8c58beb elementor-section-full_width elementor-reverse-mobile elementor-section-height-default elementor-section-height-default\" data-id=\"8c58beb\" data-element_type=\"section\" data-e-type=\"section\" data-settings=\"{&quot;background_background&quot;:&quot;classic&quot;,&quot;_ob_glider_is_slider&quot;:&quot;no&quot;}\">\n\t\t\t\t\t\t<div class=\"elementor-container elementor-column-gap-no\">\n\t\t\t\t\t<div class=\"elementor-column elementor-col-50 elementor-top-column elementor-element elementor-element-84a7f81\" data-id=\"84a7f81\" data-element_type=\"column\" data-e-type=\"column\" data-settings=\"{&quot;background_background&quot;:&quot;classic&quot;,&quot;_ob_column_hoveranimator&quot;:&quot;no&quot;,&quot;_ob_column_has_pseudo&quot;:&quot;no&quot;}\">\n\t\t\t<div class=\"elementor-widget-wrap elementor-element-populated\">\n\t\t\t\t\t\t<div class=\"elementor-element elementor-element-39db593 elementor-align-right elementor-mobile-align-center ob-has-background-overlay elementor-widget elementor-widget-button\" data-id=\"39db593\" data-element_type=\"widget\" data-e-type=\"widget\" data-settings=\"{&quot;_ob_butterbutton_use_it&quot;:&quot;no&quot;,&quot;_ob_widget_stalker_use&quot;:&quot;no&quot;,&quot;_ob_poopart_use&quot;:&quot;yes&quot;,&quot;_ob_shadough_use&quot;:&quot;no&quot;,&quot;_ob_allow_hoveranimator&quot;:&quot;no&quot;}\" data-widget_type=\"button.default\">\n\t\t\t\t<div class=\"elementor-widget-container\">\n\t\t\t\t\t\t\t\t\t<div class=\"elementor-button-wrapper\">\n\t\t\t\t\t<a class=\"elementor-button elementor-button-link elementor-size-xs\" href=\"\/it\/servizi-chiromax\/\">\n\t\t\t\t\t\t<span class=\"elementor-button-content-wrapper\">\n\t\t\t\t\t\t<span class=\"elementor-button-icon\">\n\t\t\t\t<i aria-hidden=\"true\" class=\"fas fa-arrow-right\"><\/i>\t\t\t<\/span>\n\t\t\t\t\t\t\t\t\t<span class=\"elementor-button-text\">Servizi Chiromax<\/span>\n\t\t\t\t\t<\/span>\n\t\t\t\t\t<\/a>\n\t\t\t\t<\/div>\n\t\t\t\t\t\t\t\t<\/div>\n\t\t\t\t<\/div>\n\t\t\t\t<div class=\"elementor-element elementor-element-0405421 ob-harakiri-inherit ob-has-background-overlay elementor-widget elementor-widget-heading\" data-id=\"0405421\" data-element_type=\"widget\" data-e-type=\"widget\" data-settings=\"{&quot;_ob_use_harakiri&quot;:&quot;yes&quot;,&quot;_ob_harakiri_writing_mode&quot;:&quot;inherit&quot;,&quot;_ob_harakiri_text_clip&quot;:&quot;none&quot;,&quot;_ob_widget_stalker_use&quot;:&quot;no&quot;,&quot;_ob_poopart_use&quot;:&quot;yes&quot;,&quot;_ob_shadough_use&quot;:&quot;no&quot;,&quot;_ob_allow_hoveranimator&quot;:&quot;no&quot;}\" data-widget_type=\"heading.default\">\n\t\t\t\t<div class=\"elementor-widget-container\">\n\t\t\t\t\t<h1 class=\"elementor-heading-title elementor-size-default\">Implantologia<\/h1>\t\t\t\t<\/div>\n\t\t\t\t<\/div>\n\t\t\t\t<div class=\"elementor-element elementor-element-67b775c ob-harakiri-inherit ob-has-background-overlay elementor-widget elementor-widget-heading\" data-id=\"67b775c\" data-element_type=\"widget\" data-e-type=\"widget\" data-settings=\"{&quot;_ob_use_harakiri&quot;:&quot;yes&quot;,&quot;_ob_harakiri_writing_mode&quot;:&quot;inherit&quot;,&quot;_ob_harakiri_text_clip&quot;:&quot;none&quot;,&quot;_ob_widget_stalker_use&quot;:&quot;no&quot;,&quot;_ob_poopart_use&quot;:&quot;yes&quot;,&quot;_ob_shadough_use&quot;:&quot;no&quot;,&quot;_ob_allow_hoveranimator&quot;:&quot;no&quot;}\" data-widget_type=\"heading.default\">\n\t\t\t\t<div class=\"elementor-widget-container\">\n\t\t\t\t\t<h2 class=\"elementor-heading-title elementor-size-default\">impianti dentali<\/h2>\t\t\t\t<\/div>\n\t\t\t\t<\/div>\n\t\t\t\t\t<\/div>\n\t\t<\/div>\n\t\t\t\t<div class=\"elementor-column elementor-col-50 elementor-top-column elementor-element elementor-element-6da3221\" data-id=\"6da3221\" data-element_type=\"column\" data-e-type=\"column\" data-settings=\"{&quot;background_background&quot;:&quot;classic&quot;,&quot;_ob_column_hoveranimator&quot;:&quot;no&quot;,&quot;_ob_column_has_pseudo&quot;:&quot;no&quot;}\">\n\t\t\t<div class=\"elementor-widget-wrap elementor-element-populated\">\n\t\t\t\t\t\t<div class=\"elementor-element elementor-element-e9be2dc ob-has-background-overlay elementor-widget elementor-widget-spacer\" data-id=\"e9be2dc\" data-element_type=\"widget\" data-e-type=\"widget\" data-settings=\"{&quot;_ob_spacerat_use&quot;:&quot;no&quot;,&quot;_ob_widget_stalker_use&quot;:&quot;no&quot;,&quot;_ob_poopart_use&quot;:&quot;yes&quot;,&quot;_ob_shadough_use&quot;:&quot;no&quot;,&quot;_ob_allow_hoveranimator&quot;:&quot;no&quot;}\" data-widget_type=\"spacer.default\">\n\t\t\t\t<div class=\"elementor-widget-container\">\n\t\t\t\t\t\t\t<div class=\"elementor-spacer\">\n\t\t\t<div class=\"elementor-spacer-inner\"><\/div>\n\t\t<\/div>\n\t\t\t\t\t\t<\/div>\n\t\t\t\t<\/div>\n\t\t\t\t\t<\/div>\n\t\t<\/div>\n\t\t\t\t\t<\/div>\n\t\t<\/section>\n\t\t\t\t<section class=\"elementor-section elementor-top-section elementor-element elementor-element-3bc1ab2 elementor-section-boxed elementor-section-height-default elementor-section-height-default\" data-id=\"3bc1ab2\" data-element_type=\"section\" data-e-type=\"section\" data-settings=\"{&quot;_ob_glider_is_slider&quot;:&quot;no&quot;}\">\n\t\t\t\t\t\t<div class=\"elementor-container elementor-column-gap-default\">\n\t\t\t\t\t<div class=\"elementor-column elementor-col-100 elementor-top-column elementor-element elementor-element-e5149f8\" data-id=\"e5149f8\" data-element_type=\"column\" data-e-type=\"column\" data-settings=\"{&quot;_ob_column_hoveranimator&quot;:&quot;no&quot;,&quot;_ob_column_has_pseudo&quot;:&quot;no&quot;}\">\n\t\t\t<div class=\"elementor-widget-wrap elementor-element-populated\">\n\t\t\t\t\t\t<div class=\"elementor-element elementor-element-e2accb5 ob-harakiri-inherit ob-has-background-overlay elementor-widget elementor-widget-text-editor\" data-id=\"e2accb5\" data-element_type=\"widget\" data-e-type=\"widget\" data-settings=\"{&quot;_ob_use_harakiri&quot;:&quot;yes&quot;,&quot;_ob_harakiri_writing_mode&quot;:&quot;inherit&quot;,&quot;_ob_postman_use&quot;:&quot;no&quot;,&quot;_ob_widget_stalker_use&quot;:&quot;no&quot;,&quot;_ob_poopart_use&quot;:&quot;yes&quot;,&quot;_ob_shadough_use&quot;:&quot;no&quot;,&quot;_ob_allow_hoveranimator&quot;:&quot;no&quot;}\" data-widget_type=\"text-editor.default\">\n\t\t\t\t<div class=\"elementor-widget-container\">\n\t\t\t\t\t\t\t\t\t<h3><strong>Che cos'\u00e8 un impianto?<\/strong><\/h3><p class=\"translation-block\">L'impianto \u00e8 un dispositivo costituito da un materiale biocompatibile (di solito a forma di una vite) che sostituisce la radice o le radici dei denti persi. Su queste strutture, che possiamo anche chiamare radici artificiali, vengono eseguiti lavori protesici dentali fissi o mobili.<br \/>\nStatisticamente, la percentuale di successo dell'impianto \u00e8 compresa tra il 93 e il 96% a 5 anni dall'inserimento.<br \/>\nIl mantenimento nel tempo dei lavori sugli impianti \u00e8 condizionato innanzitutto dalla buona igiene orale e dai controlli periodici.<br \/>\nLa fabbricazione dell'impianto in titanio, che non provoca reazioni allergiche, significa che il fenomeno del rigetto da parte dell'organismo non esiste.<br \/>\nL'utilizzo dell'impianto \u00e8 il pi\u00f9 delle volte condizionato dall'esistenza di un'adeguata dimensione dell'osso della cresta alveolare, quindi da una valutazione quantitativa e qualitativa dell'osso.<\/p>\t\t\t\t\t\t\t\t<\/div>\n\t\t\t\t<\/div>\n\t\t\t\t<div class=\"elementor-element elementor-element-ec61266 ob-has-background-overlay elementor-widget elementor-widget-video\" data-id=\"ec61266\" data-element_type=\"widget\" data-e-type=\"widget\" data-settings=\"{&quot;youtube_url&quot;:&quot;https:\\\/\\\/www.youtube.com\\\/watch?v=B2K6p3xUv90&quot;,&quot;lazy_load&quot;:&quot;yes&quot;,&quot;video_type&quot;:&quot;youtube&quot;,&quot;controls&quot;:&quot;yes&quot;,&quot;_ob_widget_stalker_use&quot;:&quot;no&quot;,&quot;_ob_poopart_use&quot;:&quot;yes&quot;,&quot;_ob_shadough_use&quot;:&quot;no&quot;,&quot;_ob_allow_hoveranimator&quot;:&quot;no&quot;}\" data-widget_type=\"video.default\">\n\t\t\t\t<div class=\"elementor-widget-container\">\n\t\t\t\t\t\t\t<div class=\"elementor-wrapper elementor-open-inline\">\n\t\t\t<div class=\"elementor-video\"><\/div>\t\t<\/div>\n\t\t\t\t\t\t<\/div>\n\t\t\t\t<\/div>\n\t\t\t\t<div class=\"elementor-element elementor-element-fa7c995 ob-harakiri-inherit ob-has-background-overlay elementor-widget elementor-widget-text-editor\" data-id=\"fa7c995\" data-element_type=\"widget\" data-e-type=\"widget\" data-settings=\"{&quot;_ob_use_harakiri&quot;:&quot;yes&quot;,&quot;_ob_harakiri_writing_mode&quot;:&quot;inherit&quot;,&quot;_ob_postman_use&quot;:&quot;no&quot;,&quot;_ob_widget_stalker_use&quot;:&quot;no&quot;,&quot;_ob_poopart_use&quot;:&quot;yes&quot;,&quot;_ob_shadough_use&quot;:&quot;no&quot;,&quot;_ob_allow_hoveranimator&quot;:&quot;no&quot;}\" data-widget_type=\"text-editor.default\">\n\t\t\t\t<div class=\"elementor-widget-container\">\n\t\t\t\t\t\t\t\t\t<h4>Indicazioni:<\/h4><p class=\"translation-block\">L'impianto \u00e8 indicato se sono presenti edentule unidentali o multiple a livello di entrambe le arcate. La presenza di edentule porta, in tutti i casi, alla migrazione orizzontale o verticale dei denti adiacenti, accompagnata da fenomeni di atrofia ossea come conseguenza di forze dannose sviluppate nel tempo nelle arcate. Molto spesso il cambiamento nell'occlusione (morso) \u00e8 riflesso da cambiamenti nell'articolazione temporo-mandibolare che sono sintomatici o meno.<br \/>\nIl potenziale paziente candidato alla protesi su impianti richieder\u00e0 indagini specifiche per valutare sia la salute che i fattori di rischio che possono complicare il trattamento e le controindicazioni.<br \/>\nIl paziente viene informato prima dell'intervento sulla tecnica di inserimento dell'impianto, sulla durata del trattamento, sui vantaggi rispetto al trattamento protesico convenzionale, nonch\u00e9 sui costi.<\/p><h4><strong>Vantaggi dell'impianto:<\/strong><\/h4><p class=\"translation-block\">Maggiore efficienza masticatoria.<br \/>\nPreviene il riassorbimento dell'osso della cresta alveolare che manterr\u00e0 il suo volume e la sua qualit\u00e0 intorno all'impianto.<br \/>\nPreservare l'integrit\u00e0 dei denti adiacenti alla zona del dente mancante che, nel trattamento protesico convenzionale, sono lucidati e, il pi\u00f9 delle volte, devitalizzati.<br \/>\nI risultati dell'inserimento dell'impianto sono generalmente influenzati dalle condizioni locali o generali.<\/p><p class=\"translation-block\"><em>Le condizioni locali sono:<\/em><br \/>\nUna scarsa igiene porta alla formazione di placca batterica e infezione delle gengive e dell'osso attorno all'impianto (oltre che al dente) con la perdita del supporto osseo sottostante. Questo pu\u00f2 essere risolto con l'igiene professionale in ufficio.<br \/>\nIl fumo influisce tramite deposito di prodotti di combustione che accelerano i fenomeni infiammatori e tramite vasocostrizione locale (difettoso afflusso di sangue) delle gengive e delle ossa, seguita da atrofia. Per questi motivi il fumo \u00e8 una controindicazione relativa o, secondo alcuni autori, addirittura assoluta, sapendo che nei fumatori la sopravvivenza dell'impianto \u00e8 molto inferiore rispetto a quella dei non fumatori.<\/p><h4>Le condizioni generali sono:<\/h4><p class=\"translation-block\">Malattie croniche come il diabete non compensato o l'AIDS<br \/>\nMalattie del metabolismo osseo<br \/>\nTrattamenti steroidei<br \/>\nOsteoporosi non trattata ecc.<\/p><p><strong>Ecco perch\u00e9 \u00e8 molto importante discutere in anticipo con il medico curante al fine di eliminare in tempo i possibili problemi che possono portare al fallimento dell'impianto. Una buona collaborazione con il paziente consentir\u00e0 al medico di effettuare una corretta valutazione dello stato di salute. \u00c8 importante sapere che la vecchiaia non \u00e8 un impedimento al trattamento tramite impianto perch\u00e9 la vecchiaia non \u00e8 una malattia. La salute \u00e8 fondamentale.<\/strong><\/p>\t\t\t\t\t\t\t\t<\/div>\n\t\t\t\t<\/div>\n\t\t\t\t\t<\/div>\n\t\t<\/div>\n\t\t\t\t\t<\/div>\n\t\t<\/section>\n\t\t\t\t<\/div>","protected":false},"excerpt":{"rendered":"<p>Servicii Chiromax Implantologie implanturi dentare Ce este implantul? Implantul este un dispozitiv dintr-un material biocompatibil (de cel mai multe ori de form\u0103 unui \u0219urub) care \u00eenlocuie\u0219te r\u0103d\u0103cina sau r\u0103d\u0103cinile din\u021bilor pierdu\u021bi. Pe aceste structuri pe care le putem denumi \u0219i r\u0103d\u0103cini artificiale se fixeaz\u0103 lucr\u0103ri protetice dentare fixe sau mobilizabile.Statistic, rata de succes a implantului [&hellip;]<\/p>\n","protected":false},"author":1,"featured_media":0,"parent":0,"menu_order":0,"comment_status":"closed","ping_status":"closed","template":"","meta":{"_acf_changed":false,"ocean_post_layout":"full-screen","ocean_both_sidebars_style":"","ocean_both_sidebars_content_width":0,"ocean_both_sidebars_sidebars_width":0,"ocean_sidebar":"0","ocean_second_sidebar":"0","ocean_disable_margins":"on","ocean_add_body_class":"","ocean_shortcode_before_top_bar":"","ocean_shortcode_after_top_bar":"","ocean_shortcode_before_header":"","ocean_shortcode_after_header":"","ocean_has_shortcode":"","ocean_shortcode_after_title":"","ocean_shortcode_before_footer_widgets":"","ocean_shortcode_after_footer_widgets":"","ocean_shortcode_before_footer_bottom":"","ocean_shortcode_after_footer_bottom":"","ocean_display_top_bar":"off","ocean_display_header":"default","ocean_header_style":"","ocean_center_header_left_menu":"0","ocean_custom_header_template":"0","ocean_custom_logo":0,"ocean_custom_retina_logo":0,"ocean_custom_logo_max_width":0,"ocean_custom_logo_tablet_max_width":0,"ocean_custom_logo_mobile_max_width":0,"ocean_custom_logo_max_height":0,"ocean_custom_logo_tablet_max_height":0,"ocean_custom_logo_mobile_max_height":0,"ocean_header_custom_menu":"0","ocean_menu_typo_font_family":"0","ocean_menu_typo_font_subset":"","ocean_menu_typo_font_size":0,"ocean_menu_typo_font_size_tablet":0,"ocean_menu_typo_font_size_mobile":0,"ocean_menu_typo_font_size_unit":"px","ocean_menu_typo_font_weight":"","ocean_menu_typo_font_weight_tablet":"","ocean_menu_typo_font_weight_mobile":"","ocean_menu_typo_transform":"","ocean_menu_typo_transform_tablet":"","ocean_menu_typo_transform_mobile":"","ocean_menu_typo_line_height":0,"ocean_menu_typo_line_height_tablet":0,"ocean_menu_typo_line_height_mobile":0,"ocean_menu_typo_line_height_unit":"","ocean_menu_typo_spacing":0,"ocean_menu_typo_spacing_tablet":0,"ocean_menu_typo_spacing_mobile":0,"ocean_menu_typo_spacing_unit":"","ocean_menu_link_color":"","ocean_menu_link_color_hover":"","ocean_menu_link_color_active":"","ocean_menu_link_background":"","ocean_menu_link_hover_background":"","ocean_menu_link_active_background":"","ocean_menu_social_links_bg":"","ocean_menu_social_hover_links_bg":"","ocean_menu_social_links_color":"","ocean_menu_social_hover_links_color":"","ocean_disable_title":"on","ocean_disable_heading":"default","ocean_post_title":"","ocean_post_subheading":"","ocean_post_title_style":"","ocean_post_title_background_color":"","ocean_post_title_background":0,"ocean_post_title_bg_image_position":"","ocean_post_title_bg_image_attachment":"","ocean_post_title_bg_image_repeat":"","ocean_post_title_bg_image_size":"","ocean_post_title_height":0,"ocean_post_title_bg_overlay":0.5,"ocean_post_title_bg_overlay_color":"","ocean_disable_breadcrumbs":"off","ocean_breadcrumbs_color":"","ocean_breadcrumbs_separator_color":"","ocean_breadcrumbs_links_color":"","ocean_breadcrumbs_links_hover_color":"","ocean_display_footer_widgets":"default","ocean_display_footer_bottom":"default","ocean_custom_footer_template":"0","footnotes":""},"class_list":["post-1710","page","type-page","status-publish","hentry","entry"],"acf":[],"yoast_head":"<!-- This site is optimized with the Yoast SEO plugin v27.4 - https:\/\/yoast.com\/product\/yoast-seo-wordpress\/ -->\n<title>Implantologie &#187; Clinica Stomatologie Chiromax Cabinet Stomatologic Galati Implant Dentar<\/title>\n<meta name=\"robots\" content=\"index, follow, max-snippet:-1, max-image-preview:large, max-video-preview:-1\" \/>\n<link rel=\"canonical\" href=\"https:\/\/chiromax.ro\/it\/implantologia\/\" \/>\n<meta property=\"og:locale\" content=\"it_IT\" \/>\n<meta property=\"og:type\" content=\"article\" \/>\n<meta property=\"og:title\" content=\"Implantologie &#187; Clinica Stomatologie Chiromax Cabinet Stomatologic Galati Implant Dentar\" \/>\n<meta property=\"og:description\" content=\"Servicii Chiromax Implantologie implanturi dentare Ce este implantul? Implantul este un dispozitiv dintr-un material biocompatibil (de cel mai multe ori de form\u0103 unui \u0219urub) care \u00eenlocuie\u0219te r\u0103d\u0103cina sau r\u0103d\u0103cinile din\u021bilor pierdu\u021bi. Pe aceste structuri pe care le putem denumi \u0219i r\u0103d\u0103cini artificiale se fixeaz\u0103 lucr\u0103ri protetice dentare fixe sau mobilizabile.Statistic, rata de succes a implantului [&hellip;]\" \/>\n<meta property=\"og:url\" content=\"https:\/\/chiromax.ro\/it\/implantologia\/\" \/>\n<meta property=\"og:site_name\" content=\"Clinica Stomatologie Chiromax Cabinet Stomatologic Galati Implant Dentar\" \/>\n<meta property=\"article:publisher\" content=\"https:\/\/www.facebook.com\/Chiromax.ro\" \/>\n<meta property=\"article:modified_time\" content=\"2021-05-07T08:02:16+00:00\" \/>\n<meta property=\"og:image\" content=\"https:\/\/chiromax.ro\/wp-content\/uploads\/2020\/10\/home-programare-telefonica.jpg\" \/>\n\t<meta property=\"og:image:width\" content=\"1920\" \/>\n\t<meta property=\"og:image:height\" content=\"1280\" \/>\n\t<meta property=\"og:image:type\" content=\"image\/jpeg\" \/>\n<meta name=\"twitter:card\" content=\"summary_large_image\" \/>\n<meta name=\"twitter:label1\" content=\"Tempo di lettura stimato\" \/>\n\t<meta name=\"twitter:data1\" content=\"3 minuti\" \/>\n<script type=\"application\/ld+json\" class=\"yoast-schema-graph\">{\"@context\":\"https:\\\/\\\/schema.org\",\"@graph\":[{\"@type\":\"WebPage\",\"@id\":\"https:\\\/\\\/chiromax.ro\\\/implantologie\\\/\",\"url\":\"https:\\\/\\\/chiromax.ro\\\/implantologie\\\/\",\"name\":\"Implantologie &#187; Clinica Stomatologie Chiromax Cabinet Stomatologic Galati Implant Dentar\",\"isPartOf\":{\"@id\":\"https:\\\/\\\/chiromax.ro\\\/#website\"},\"datePublished\":\"2020-08-24T16:16:50+00:00\",\"dateModified\":\"2021-05-07T08:02:16+00:00\",\"breadcrumb\":{\"@id\":\"https:\\\/\\\/chiromax.ro\\\/implantologie\\\/#breadcrumb\"},\"inLanguage\":\"it-IT\",\"potentialAction\":[{\"@type\":\"ReadAction\",\"target\":[\"https:\\\/\\\/chiromax.ro\\\/implantologie\\\/\"]}]},{\"@type\":\"BreadcrumbList\",\"@id\":\"https:\\\/\\\/chiromax.ro\\\/implantologie\\\/#breadcrumb\",\"itemListElement\":[{\"@type\":\"ListItem\",\"position\":1,\"name\":\"Prima pagin\u0103\",\"item\":\"https:\\\/\\\/chiromax.ro\\\/\"},{\"@type\":\"ListItem\",\"position\":2,\"name\":\"Implantologie\"}]},{\"@type\":\"WebSite\",\"@id\":\"https:\\\/\\\/chiromax.ro\\\/#website\",\"url\":\"https:\\\/\\\/chiromax.ro\\\/\",\"name\":\"Clinica Stomatologie Chiromax Cabinet Stomatologic Galati Implant Dentar\",\"description\":\"Clinica Stomatologie Chiromax Galati\",\"publisher\":{\"@id\":\"https:\\\/\\\/chiromax.ro\\\/#organization\"},\"potentialAction\":[{\"@type\":\"SearchAction\",\"target\":{\"@type\":\"EntryPoint\",\"urlTemplate\":\"https:\\\/\\\/chiromax.ro\\\/?s={search_term_string}\"},\"query-input\":{\"@type\":\"PropertyValueSpecification\",\"valueRequired\":true,\"valueName\":\"search_term_string\"}}],\"inLanguage\":\"it-IT\"},{\"@type\":\"Organization\",\"@id\":\"https:\\\/\\\/chiromax.ro\\\/#organization\",\"name\":\"Clinica Stomatologie Chiromax Galati\",\"url\":\"https:\\\/\\\/chiromax.ro\\\/\",\"logo\":{\"@type\":\"ImageObject\",\"inLanguage\":\"it-IT\",\"@id\":\"https:\\\/\\\/chiromax.ro\\\/#\\\/schema\\\/logo\\\/image\\\/\",\"url\":\"https:\\\/\\\/chiromax.ro\\\/wp-content\\\/uploads\\\/2020\\\/08\\\/logo-chiromax-2020-350.png\",\"contentUrl\":\"https:\\\/\\\/chiromax.ro\\\/wp-content\\\/uploads\\\/2020\\\/08\\\/logo-chiromax-2020-350.png\",\"width\":350,\"height\":149,\"caption\":\"Clinica Stomatologie Chiromax Galati\"},\"image\":{\"@id\":\"https:\\\/\\\/chiromax.ro\\\/#\\\/schema\\\/logo\\\/image\\\/\"},\"sameAs\":[\"https:\\\/\\\/www.facebook.com\\\/Chiromax.ro\",\"https:\\\/\\\/www.instagram.com\\\/chiromax.ro\",\"https:\\\/\\\/www.youtube.com\\\/user\\\/ChiromaxGalati\"]}]}<\/script>\n<!-- \/ Yoast SEO plugin. -->","yoast_head_json":{"title":"Implantologie &#187; Clinica Stomatologie Chiromax Cabinet Stomatologic Galati Implant Dentar","robots":{"index":"index","follow":"follow","max-snippet":"max-snippet:-1","max-image-preview":"max-image-preview:large","max-video-preview":"max-video-preview:-1"},"canonical":"https:\/\/chiromax.ro\/it\/implantologia\/","og_locale":"it_IT","og_type":"article","og_title":"Implantologie &#187; Clinica Stomatologie Chiromax Cabinet Stomatologic Galati Implant Dentar","og_description":"Servicii Chiromax Implantologie implanturi dentare Ce este implantul? Implantul este un dispozitiv dintr-un material biocompatibil (de cel mai multe ori de form\u0103 unui \u0219urub) care \u00eenlocuie\u0219te r\u0103d\u0103cina sau r\u0103d\u0103cinile din\u021bilor pierdu\u021bi. Pe aceste structuri pe care le putem denumi \u0219i r\u0103d\u0103cini artificiale se fixeaz\u0103 lucr\u0103ri protetice dentare fixe sau mobilizabile.Statistic, rata de succes a implantului [&hellip;]","og_url":"https:\/\/chiromax.ro\/it\/implantologia\/","og_site_name":"Clinica Stomatologie Chiromax Cabinet Stomatologic Galati Implant Dentar","article_publisher":"https:\/\/www.facebook.com\/Chiromax.ro","article_modified_time":"2021-05-07T08:02:16+00:00","og_image":[{"width":1920,"height":1280,"url":"https:\/\/chiromax.ro\/wp-content\/uploads\/2020\/10\/home-programare-telefonica.jpg","type":"image\/jpeg"}],"twitter_card":"summary_large_image","twitter_misc":{"Tempo di lettura stimato":"3 minuti"},"schema":{"@context":"https:\/\/schema.org","@graph":[{"@type":"WebPage","@id":"https:\/\/chiromax.ro\/implantologie\/","url":"https:\/\/chiromax.ro\/implantologie\/","name":"Implantologie &#187; Clinica Stomatologie Chiromax Cabinet Stomatologic Galati Implant Dentar","isPartOf":{"@id":"https:\/\/chiromax.ro\/#website"},"datePublished":"2020-08-24T16:16:50+00:00","dateModified":"2021-05-07T08:02:16+00:00","breadcrumb":{"@id":"https:\/\/chiromax.ro\/implantologie\/#breadcrumb"},"inLanguage":"it-IT","potentialAction":[{"@type":"ReadAction","target":["https:\/\/chiromax.ro\/implantologie\/"]}]},{"@type":"BreadcrumbList","@id":"https:\/\/chiromax.ro\/implantologie\/#breadcrumb","itemListElement":[{"@type":"ListItem","position":1,"name":"Prima pagin\u0103","item":"https:\/\/chiromax.ro\/"},{"@type":"ListItem","position":2,"name":"Implantologie"}]},{"@type":"WebSite","@id":"https:\/\/chiromax.ro\/#website","url":"https:\/\/chiromax.ro\/","name":"Clinica Odontoiatrica Chiromax Studio Dentistico Galati Impianto Dentale","description":"Clinica Stomatologie Chiromax Galati","publisher":{"@id":"https:\/\/chiromax.ro\/#organization"},"potentialAction":[{"@type":"SearchAction","target":{"@type":"EntryPoint","urlTemplate":"https:\/\/chiromax.ro\/?s={search_term_string}"},"query-input":{"@type":"PropertyValueSpecification","valueRequired":true,"valueName":"search_term_string"}}],"inLanguage":"it-IT"},{"@type":"Organization","@id":"https:\/\/chiromax.ro\/#organization","name":"Clinica Stomatologie Chiromax Galati","url":"https:\/\/chiromax.ro\/","logo":{"@type":"ImageObject","inLanguage":"it-IT","@id":"https:\/\/chiromax.ro\/#\/schema\/logo\/image\/","url":"https:\/\/chiromax.ro\/wp-content\/uploads\/2020\/08\/logo-chiromax-2020-350.png","contentUrl":"https:\/\/chiromax.ro\/wp-content\/uploads\/2020\/08\/logo-chiromax-2020-350.png","width":350,"height":149,"caption":"Clinica Stomatologie Chiromax Galati"},"image":{"@id":"https:\/\/chiromax.ro\/#\/schema\/logo\/image\/"},"sameAs":["https:\/\/www.facebook.com\/Chiromax.ro","https:\/\/www.instagram.com\/chiromax.ro","https:\/\/www.youtube.com\/user\/ChiromaxGalati"]}]}},"_links":{"self":[{"href":"https:\/\/chiromax.ro\/it\/wp-json\/wp\/v2\/pages\/1710","targetHints":{"allow":["GET"]}}],"collection":[{"href":"https:\/\/chiromax.ro\/it\/wp-json\/wp\/v2\/pages"}],"about":[{"href":"https:\/\/chiromax.ro\/it\/wp-json\/wp\/v2\/types\/page"}],"author":[{"embeddable":true,"href":"https:\/\/chiromax.ro\/it\/wp-json\/wp\/v2\/users\/1"}],"replies":[{"embeddable":true,"href":"https:\/\/chiromax.ro\/it\/wp-json\/wp\/v2\/comments?post=1710"}],"version-history":[{"count":0,"href":"https:\/\/chiromax.ro\/it\/wp-json\/wp\/v2\/pages\/1710\/revisions"}],"wp:attachment":[{"href":"https:\/\/chiromax.ro\/it\/wp-json\/wp\/v2\/media?parent=1710"}],"curies":[{"name":"wp","href":"https:\/\/api.w.org\/{rel}","templated":true}]}}