{"id":1710,"date":"2020-08-24T16:16:50","date_gmt":"2020-08-24T16:16:50","guid":{"rendered":"https:\/\/chiromax.ro\/?page_id=1710"},"modified":"2021-05-07T08:02:16","modified_gmt":"2021-05-07T08:02:16","slug":"implantology","status":"publish","type":"page","link":"https:\/\/chiromax.ro\/en\/implantologie\/","title":{"rendered":"Implantology"},"content":{"rendered":"<div data-elementor-type=\"wp-page\" data-elementor-id=\"1710\" class=\"elementor elementor-1710\" data-elementor-post-type=\"page\">\n\t\t\t\t\t\t<section class=\"elementor-section elementor-top-section elementor-element elementor-element-8c58beb elementor-section-full_width elementor-reverse-mobile elementor-section-height-default elementor-section-height-default\" data-id=\"8c58beb\" data-element_type=\"section\" data-e-type=\"section\" data-settings=\"{&quot;background_background&quot;:&quot;classic&quot;,&quot;_ob_glider_is_slider&quot;:&quot;no&quot;}\">\n\t\t\t\t\t\t<div class=\"elementor-container elementor-column-gap-no\">\n\t\t\t\t\t<div class=\"elementor-column elementor-col-50 elementor-top-column elementor-element elementor-element-84a7f81\" data-id=\"84a7f81\" data-element_type=\"column\" data-e-type=\"column\" data-settings=\"{&quot;background_background&quot;:&quot;classic&quot;,&quot;_ob_column_hoveranimator&quot;:&quot;no&quot;,&quot;_ob_column_has_pseudo&quot;:&quot;no&quot;}\">\n\t\t\t<div class=\"elementor-widget-wrap elementor-element-populated\">\n\t\t\t\t\t\t<div class=\"elementor-element elementor-element-39db593 elementor-align-right elementor-mobile-align-center ob-has-background-overlay elementor-widget elementor-widget-button\" data-id=\"39db593\" data-element_type=\"widget\" data-e-type=\"widget\" data-settings=\"{&quot;_ob_butterbutton_use_it&quot;:&quot;no&quot;,&quot;_ob_widget_stalker_use&quot;:&quot;no&quot;,&quot;_ob_poopart_use&quot;:&quot;yes&quot;,&quot;_ob_shadough_use&quot;:&quot;no&quot;,&quot;_ob_allow_hoveranimator&quot;:&quot;no&quot;}\" data-widget_type=\"button.default\">\n\t\t\t\t<div class=\"elementor-widget-container\">\n\t\t\t\t\t\t\t\t\t<div class=\"elementor-button-wrapper\">\n\t\t\t\t\t<a class=\"elementor-button elementor-button-link elementor-size-xs\" href=\"\/en\/services-chiromax\/\">\n\t\t\t\t\t\t<span class=\"elementor-button-content-wrapper\">\n\t\t\t\t\t\t<span class=\"elementor-button-icon\">\n\t\t\t\t<i aria-hidden=\"true\" class=\"fas fa-arrow-right\"><\/i>\t\t\t<\/span>\n\t\t\t\t\t\t\t\t\t<span class=\"elementor-button-text\">Chiromax services<\/span>\n\t\t\t\t\t<\/span>\n\t\t\t\t\t<\/a>\n\t\t\t\t<\/div>\n\t\t\t\t\t\t\t\t<\/div>\n\t\t\t\t<\/div>\n\t\t\t\t<div class=\"elementor-element elementor-element-0405421 ob-harakiri-inherit ob-has-background-overlay elementor-widget elementor-widget-heading\" data-id=\"0405421\" data-element_type=\"widget\" data-e-type=\"widget\" data-settings=\"{&quot;_ob_use_harakiri&quot;:&quot;yes&quot;,&quot;_ob_harakiri_writing_mode&quot;:&quot;inherit&quot;,&quot;_ob_harakiri_text_clip&quot;:&quot;none&quot;,&quot;_ob_widget_stalker_use&quot;:&quot;no&quot;,&quot;_ob_poopart_use&quot;:&quot;yes&quot;,&quot;_ob_shadough_use&quot;:&quot;no&quot;,&quot;_ob_allow_hoveranimator&quot;:&quot;no&quot;}\" data-widget_type=\"heading.default\">\n\t\t\t\t<div class=\"elementor-widget-container\">\n\t\t\t\t\t<h1 class=\"elementor-heading-title elementor-size-default\">Implantology<\/h1>\t\t\t\t<\/div>\n\t\t\t\t<\/div>\n\t\t\t\t<div class=\"elementor-element elementor-element-67b775c ob-harakiri-inherit ob-has-background-overlay elementor-widget elementor-widget-heading\" data-id=\"67b775c\" data-element_type=\"widget\" data-e-type=\"widget\" data-settings=\"{&quot;_ob_use_harakiri&quot;:&quot;yes&quot;,&quot;_ob_harakiri_writing_mode&quot;:&quot;inherit&quot;,&quot;_ob_harakiri_text_clip&quot;:&quot;none&quot;,&quot;_ob_widget_stalker_use&quot;:&quot;no&quot;,&quot;_ob_poopart_use&quot;:&quot;yes&quot;,&quot;_ob_shadough_use&quot;:&quot;no&quot;,&quot;_ob_allow_hoveranimator&quot;:&quot;no&quot;}\" data-widget_type=\"heading.default\">\n\t\t\t\t<div class=\"elementor-widget-container\">\n\t\t\t\t\t<h2 class=\"elementor-heading-title elementor-size-default\">dental implants<\/h2>\t\t\t\t<\/div>\n\t\t\t\t<\/div>\n\t\t\t\t\t<\/div>\n\t\t<\/div>\n\t\t\t\t<div class=\"elementor-column elementor-col-50 elementor-top-column elementor-element elementor-element-6da3221\" data-id=\"6da3221\" data-element_type=\"column\" data-e-type=\"column\" data-settings=\"{&quot;background_background&quot;:&quot;classic&quot;,&quot;_ob_column_hoveranimator&quot;:&quot;no&quot;,&quot;_ob_column_has_pseudo&quot;:&quot;no&quot;}\">\n\t\t\t<div class=\"elementor-widget-wrap elementor-element-populated\">\n\t\t\t\t\t\t<div class=\"elementor-element elementor-element-e9be2dc ob-has-background-overlay elementor-widget elementor-widget-spacer\" data-id=\"e9be2dc\" data-element_type=\"widget\" data-e-type=\"widget\" data-settings=\"{&quot;_ob_spacerat_use&quot;:&quot;no&quot;,&quot;_ob_widget_stalker_use&quot;:&quot;no&quot;,&quot;_ob_poopart_use&quot;:&quot;yes&quot;,&quot;_ob_shadough_use&quot;:&quot;no&quot;,&quot;_ob_allow_hoveranimator&quot;:&quot;no&quot;}\" data-widget_type=\"spacer.default\">\n\t\t\t\t<div class=\"elementor-widget-container\">\n\t\t\t\t\t\t\t<div class=\"elementor-spacer\">\n\t\t\t<div class=\"elementor-spacer-inner\"><\/div>\n\t\t<\/div>\n\t\t\t\t\t\t<\/div>\n\t\t\t\t<\/div>\n\t\t\t\t\t<\/div>\n\t\t<\/div>\n\t\t\t\t\t<\/div>\n\t\t<\/section>\n\t\t\t\t<section class=\"elementor-section elementor-top-section elementor-element elementor-element-3bc1ab2 elementor-section-boxed elementor-section-height-default elementor-section-height-default\" data-id=\"3bc1ab2\" data-element_type=\"section\" data-e-type=\"section\" data-settings=\"{&quot;_ob_glider_is_slider&quot;:&quot;no&quot;}\">\n\t\t\t\t\t\t<div class=\"elementor-container elementor-column-gap-default\">\n\t\t\t\t\t<div class=\"elementor-column elementor-col-100 elementor-top-column elementor-element elementor-element-e5149f8\" data-id=\"e5149f8\" data-element_type=\"column\" data-e-type=\"column\" data-settings=\"{&quot;_ob_column_hoveranimator&quot;:&quot;no&quot;,&quot;_ob_column_has_pseudo&quot;:&quot;no&quot;}\">\n\t\t\t<div class=\"elementor-widget-wrap elementor-element-populated\">\n\t\t\t\t\t\t<div class=\"elementor-element elementor-element-e2accb5 ob-harakiri-inherit ob-has-background-overlay elementor-widget elementor-widget-text-editor\" data-id=\"e2accb5\" data-element_type=\"widget\" data-e-type=\"widget\" data-settings=\"{&quot;_ob_use_harakiri&quot;:&quot;yes&quot;,&quot;_ob_harakiri_writing_mode&quot;:&quot;inherit&quot;,&quot;_ob_postman_use&quot;:&quot;no&quot;,&quot;_ob_widget_stalker_use&quot;:&quot;no&quot;,&quot;_ob_poopart_use&quot;:&quot;yes&quot;,&quot;_ob_shadough_use&quot;:&quot;no&quot;,&quot;_ob_allow_hoveranimator&quot;:&quot;no&quot;}\" data-widget_type=\"text-editor.default\">\n\t\t\t\t<div class=\"elementor-widget-container\">\n\t\t\t\t\t\t\t\t\t<h3><strong>What is the implant?<\/strong><\/h3><p class=\"translation-block\">The implant is a device made of a biocompatible material (usually in the shape of a screw) that replaces the root or roots of lost teeth. On these structures, which we can also call artificial roots, fixed or mobilizable dental prosthetic works are fixed.<br \/>\nStatistically, the success rate of the implant is between 93 - 96% 5 years after insertion.<br \/>\nThe maintenance of implants on time is conditioned primarily by good oral hygiene and regular checks.<br \/>\nThe manufacture of the implant from titanium, which does not cause allergic reactions, means that the phenomenon of rejection by the body does not exist.<br \/>\nThe use of the implant is most often conditioned by the existence of an appropriate size of the bone of the alveolar ridge, therefore by a quantitative but also a qualitative evaluation of the bone.<\/p>\t\t\t\t\t\t\t\t<\/div>\n\t\t\t\t<\/div>\n\t\t\t\t<div class=\"elementor-element elementor-element-ec61266 ob-has-background-overlay elementor-widget elementor-widget-video\" data-id=\"ec61266\" data-element_type=\"widget\" data-e-type=\"widget\" data-settings=\"{&quot;youtube_url&quot;:&quot;https:\\\/\\\/www.youtube.com\\\/watch?v=B2K6p3xUv90&quot;,&quot;lazy_load&quot;:&quot;yes&quot;,&quot;video_type&quot;:&quot;youtube&quot;,&quot;controls&quot;:&quot;yes&quot;,&quot;_ob_widget_stalker_use&quot;:&quot;no&quot;,&quot;_ob_poopart_use&quot;:&quot;yes&quot;,&quot;_ob_shadough_use&quot;:&quot;no&quot;,&quot;_ob_allow_hoveranimator&quot;:&quot;no&quot;}\" data-widget_type=\"video.default\">\n\t\t\t\t<div class=\"elementor-widget-container\">\n\t\t\t\t\t\t\t<div class=\"elementor-wrapper elementor-open-inline\">\n\t\t\t<div class=\"elementor-video\"><\/div>\t\t<\/div>\n\t\t\t\t\t\t<\/div>\n\t\t\t\t<\/div>\n\t\t\t\t<div class=\"elementor-element elementor-element-fa7c995 ob-harakiri-inherit ob-has-background-overlay elementor-widget elementor-widget-text-editor\" data-id=\"fa7c995\" data-element_type=\"widget\" data-e-type=\"widget\" data-settings=\"{&quot;_ob_use_harakiri&quot;:&quot;yes&quot;,&quot;_ob_harakiri_writing_mode&quot;:&quot;inherit&quot;,&quot;_ob_postman_use&quot;:&quot;no&quot;,&quot;_ob_widget_stalker_use&quot;:&quot;no&quot;,&quot;_ob_poopart_use&quot;:&quot;yes&quot;,&quot;_ob_shadough_use&quot;:&quot;no&quot;,&quot;_ob_allow_hoveranimator&quot;:&quot;no&quot;}\" data-widget_type=\"text-editor.default\">\n\t\t\t\t<div class=\"elementor-widget-container\">\n\t\t\t\t\t\t\t\t\t<h4>Indications:<\/h4><p class=\"translation-block\">The implant is indicated if there are unidentified or multiple edentulousness at the level of both arches. The presence of edentulousness leads, in all cases, to the horizontal or vertical migration of neighboring teeth, accompanied by phenomena of bone atrophy as a consequence of harmful forces developed over time in the arches. Most often the change in occlusion (bite) is reflected by changes in the temporomandibular joint that are symptomatic or not.<br \/>\nPotential candidates for implant prosthesis will require specific investigations to assess both his state of health and any risk factors that may complicate treatment and contraindications.<br \/>\nThe patient is informed preoperatively about the implant insertion technique, the duration of treatment, the advantages over conventional prosthetic treatment, as well as about the costs.<\/p><h4><strong>The advantages of the implant:<\/strong><\/h4><p class=\"translation-block\">Increased masticatory efficiency.<br \/>\nIt prevents the resorption of the alveolar ridge bone which will maintain its volume and quality around the implant.<br \/>\nPreserving the integrity of the teeth adjacent to the missing tooth area which, in conventional prosthetic treatment, are polished and, most often, devitalized.<br \/>\nThe results of implant insertion are generally influenced by local or general conditions.<\/p><p class=\"translation-block\"><em>The local conditions are:<\/em><br \/>\nPoor hygiene leads to the formation of bacterial plaque and infection of the gums and bone around the implant (as well as the tooth) with the loss of the underlying bone support. This can be solved by professional hygiene in the office.<br \/>\nSmoking is an influencing factor by the deposition of combustion products that accelerate inflammatory phenomena and by local vasoconstriction (defective blood supply) of the gums and bones, followed by atrophy. For these reasons, smoking is a relative or, according to some authors, even absolute contraindication, knowing that in smokers the survival of the implant is much lower compared to that of non-smokers.<\/p><h4>The general conditions are:<\/h4><p class=\"translation-block\">Chronic diseases such as uncompensated diabetes or AIDS<br \/>\nBone metabolic diseases<br \/>\nSteroid treatments<br \/>\nUntreated osteoporosis etc.<\/p><p><strong>That is why it is very important to discuss with your doctor in advance in order to eliminate in time the possible problems that may lead to implant failure. Good collaboration with the patient will allow the doctor to make a correct assessment of health. It is important to know that old age is not an impediment in implant treatment because old age is not a disease. Health is crucial.<\/strong><\/p>\t\t\t\t\t\t\t\t<\/div>\n\t\t\t\t<\/div>\n\t\t\t\t\t<\/div>\n\t\t<\/div>\n\t\t\t\t\t<\/div>\n\t\t<\/section>\n\t\t\t\t<\/div>","protected":false},"excerpt":{"rendered":"<p>Servicii Chiromax Implantologie implanturi dentare Ce este implantul? Implantul este un dispozitiv dintr-un material biocompatibil (de cel mai multe ori de form\u0103 unui \u0219urub) care \u00eenlocuie\u0219te r\u0103d\u0103cina sau r\u0103d\u0103cinile din\u021bilor pierdu\u021bi. Pe aceste structuri pe care le putem denumi \u0219i r\u0103d\u0103cini artificiale se fixeaz\u0103 lucr\u0103ri protetice dentare fixe sau mobilizabile.Statistic, rata de succes a implantului [&hellip;]<\/p>\n","protected":false},"author":1,"featured_media":0,"parent":0,"menu_order":0,"comment_status":"closed","ping_status":"closed","template":"","meta":{"_acf_changed":false,"ocean_post_layout":"full-screen","ocean_both_sidebars_style":"","ocean_both_sidebars_content_width":0,"ocean_both_sidebars_sidebars_width":0,"ocean_sidebar":"0","ocean_second_sidebar":"0","ocean_disable_margins":"on","ocean_add_body_class":"","ocean_shortcode_before_top_bar":"","ocean_shortcode_after_top_bar":"","ocean_shortcode_before_header":"","ocean_shortcode_after_header":"","ocean_has_shortcode":"","ocean_shortcode_after_title":"","ocean_shortcode_before_footer_widgets":"","ocean_shortcode_after_footer_widgets":"","ocean_shortcode_before_footer_bottom":"","ocean_shortcode_after_footer_bottom":"","ocean_display_top_bar":"off","ocean_display_header":"default","ocean_header_style":"","ocean_center_header_left_menu":"0","ocean_custom_header_template":"0","ocean_custom_logo":0,"ocean_custom_retina_logo":0,"ocean_custom_logo_max_width":0,"ocean_custom_logo_tablet_max_width":0,"ocean_custom_logo_mobile_max_width":0,"ocean_custom_logo_max_height":0,"ocean_custom_logo_tablet_max_height":0,"ocean_custom_logo_mobile_max_height":0,"ocean_header_custom_menu":"0","ocean_menu_typo_font_family":"0","ocean_menu_typo_font_subset":"","ocean_menu_typo_font_size":0,"ocean_menu_typo_font_size_tablet":0,"ocean_menu_typo_font_size_mobile":0,"ocean_menu_typo_font_size_unit":"px","ocean_menu_typo_font_weight":"","ocean_menu_typo_font_weight_tablet":"","ocean_menu_typo_font_weight_mobile":"","ocean_menu_typo_transform":"","ocean_menu_typo_transform_tablet":"","ocean_menu_typo_transform_mobile":"","ocean_menu_typo_line_height":0,"ocean_menu_typo_line_height_tablet":0,"ocean_menu_typo_line_height_mobile":0,"ocean_menu_typo_line_height_unit":"","ocean_menu_typo_spacing":0,"ocean_menu_typo_spacing_tablet":0,"ocean_menu_typo_spacing_mobile":0,"ocean_menu_typo_spacing_unit":"","ocean_menu_link_color":"","ocean_menu_link_color_hover":"","ocean_menu_link_color_active":"","ocean_menu_link_background":"","ocean_menu_link_hover_background":"","ocean_menu_link_active_background":"","ocean_menu_social_links_bg":"","ocean_menu_social_hover_links_bg":"","ocean_menu_social_links_color":"","ocean_menu_social_hover_links_color":"","ocean_disable_title":"on","ocean_disable_heading":"default","ocean_post_title":"","ocean_post_subheading":"","ocean_post_title_style":"","ocean_post_title_background_color":"","ocean_post_title_background":0,"ocean_post_title_bg_image_position":"","ocean_post_title_bg_image_attachment":"","ocean_post_title_bg_image_repeat":"","ocean_post_title_bg_image_size":"","ocean_post_title_height":0,"ocean_post_title_bg_overlay":0.5,"ocean_post_title_bg_overlay_color":"","ocean_disable_breadcrumbs":"off","ocean_breadcrumbs_color":"","ocean_breadcrumbs_separator_color":"","ocean_breadcrumbs_links_color":"","ocean_breadcrumbs_links_hover_color":"","ocean_display_footer_widgets":"default","ocean_display_footer_bottom":"default","ocean_custom_footer_template":"0","footnotes":""},"class_list":["post-1710","page","type-page","status-publish","hentry","entry"],"acf":[],"yoast_head":"<!-- This site is optimized with the Yoast SEO plugin v27.4 - https:\/\/yoast.com\/product\/yoast-seo-wordpress\/ -->\n<title>Implantologie &#187; Clinica Stomatologie Chiromax Cabinet Stomatologic Galati Implant Dentar<\/title>\n<meta name=\"robots\" content=\"index, follow, max-snippet:-1, max-image-preview:large, max-video-preview:-1\" \/>\n<link rel=\"canonical\" href=\"https:\/\/chiromax.ro\/en\/implantology\/\" \/>\n<meta property=\"og:locale\" content=\"en_GB\" \/>\n<meta property=\"og:type\" content=\"article\" \/>\n<meta property=\"og:title\" content=\"Implantologie &#187; Clinica Stomatologie Chiromax Cabinet Stomatologic Galati Implant Dentar\" \/>\n<meta property=\"og:description\" content=\"Servicii Chiromax Implantologie implanturi dentare Ce este implantul? Implantul este un dispozitiv dintr-un material biocompatibil (de cel mai multe ori de form\u0103 unui \u0219urub) care \u00eenlocuie\u0219te r\u0103d\u0103cina sau r\u0103d\u0103cinile din\u021bilor pierdu\u021bi. Pe aceste structuri pe care le putem denumi \u0219i r\u0103d\u0103cini artificiale se fixeaz\u0103 lucr\u0103ri protetice dentare fixe sau mobilizabile.Statistic, rata de succes a implantului [&hellip;]\" \/>\n<meta property=\"og:url\" content=\"https:\/\/chiromax.ro\/en\/implantology\/\" \/>\n<meta property=\"og:site_name\" content=\"Clinica Stomatologie Chiromax Cabinet Stomatologic Galati Implant Dentar\" \/>\n<meta property=\"article:publisher\" content=\"https:\/\/www.facebook.com\/Chiromax.ro\" \/>\n<meta property=\"article:modified_time\" content=\"2021-05-07T08:02:16+00:00\" \/>\n<meta property=\"og:image\" content=\"https:\/\/chiromax.ro\/wp-content\/uploads\/2020\/10\/home-programare-telefonica.jpg\" \/>\n\t<meta property=\"og:image:width\" content=\"1920\" \/>\n\t<meta property=\"og:image:height\" content=\"1280\" \/>\n\t<meta property=\"og:image:type\" content=\"image\/jpeg\" \/>\n<meta name=\"twitter:card\" content=\"summary_large_image\" \/>\n<meta name=\"twitter:label1\" content=\"Estimated reading time\" \/>\n\t<meta name=\"twitter:data1\" content=\"3 minutes\" \/>\n<script type=\"application\/ld+json\" class=\"yoast-schema-graph\">{\"@context\":\"https:\\\/\\\/schema.org\",\"@graph\":[{\"@type\":\"WebPage\",\"@id\":\"https:\\\/\\\/chiromax.ro\\\/implantologie\\\/\",\"url\":\"https:\\\/\\\/chiromax.ro\\\/implantologie\\\/\",\"name\":\"Implantologie &#187; Clinica Stomatologie Chiromax Cabinet Stomatologic Galati Implant Dentar\",\"isPartOf\":{\"@id\":\"https:\\\/\\\/chiromax.ro\\\/#website\"},\"datePublished\":\"2020-08-24T16:16:50+00:00\",\"dateModified\":\"2021-05-07T08:02:16+00:00\",\"breadcrumb\":{\"@id\":\"https:\\\/\\\/chiromax.ro\\\/implantologie\\\/#breadcrumb\"},\"inLanguage\":\"en-GB\",\"potentialAction\":[{\"@type\":\"ReadAction\",\"target\":[\"https:\\\/\\\/chiromax.ro\\\/implantologie\\\/\"]}]},{\"@type\":\"BreadcrumbList\",\"@id\":\"https:\\\/\\\/chiromax.ro\\\/implantologie\\\/#breadcrumb\",\"itemListElement\":[{\"@type\":\"ListItem\",\"position\":1,\"name\":\"Prima pagin\u0103\",\"item\":\"https:\\\/\\\/chiromax.ro\\\/\"},{\"@type\":\"ListItem\",\"position\":2,\"name\":\"Implantologie\"}]},{\"@type\":\"WebSite\",\"@id\":\"https:\\\/\\\/chiromax.ro\\\/#website\",\"url\":\"https:\\\/\\\/chiromax.ro\\\/\",\"name\":\"Clinica Stomatologie Chiromax Cabinet Stomatologic Galati Implant Dentar\",\"description\":\"Clinica Stomatologie Chiromax Galati\",\"publisher\":{\"@id\":\"https:\\\/\\\/chiromax.ro\\\/#organization\"},\"potentialAction\":[{\"@type\":\"SearchAction\",\"target\":{\"@type\":\"EntryPoint\",\"urlTemplate\":\"https:\\\/\\\/chiromax.ro\\\/?s={search_term_string}\"},\"query-input\":{\"@type\":\"PropertyValueSpecification\",\"valueRequired\":true,\"valueName\":\"search_term_string\"}}],\"inLanguage\":\"en-GB\"},{\"@type\":\"Organization\",\"@id\":\"https:\\\/\\\/chiromax.ro\\\/#organization\",\"name\":\"Clinica Stomatologie Chiromax Galati\",\"url\":\"https:\\\/\\\/chiromax.ro\\\/\",\"logo\":{\"@type\":\"ImageObject\",\"inLanguage\":\"en-GB\",\"@id\":\"https:\\\/\\\/chiromax.ro\\\/#\\\/schema\\\/logo\\\/image\\\/\",\"url\":\"https:\\\/\\\/chiromax.ro\\\/wp-content\\\/uploads\\\/2020\\\/08\\\/logo-chiromax-2020-350.png\",\"contentUrl\":\"https:\\\/\\\/chiromax.ro\\\/wp-content\\\/uploads\\\/2020\\\/08\\\/logo-chiromax-2020-350.png\",\"width\":350,\"height\":149,\"caption\":\"Clinica Stomatologie Chiromax Galati\"},\"image\":{\"@id\":\"https:\\\/\\\/chiromax.ro\\\/#\\\/schema\\\/logo\\\/image\\\/\"},\"sameAs\":[\"https:\\\/\\\/www.facebook.com\\\/Chiromax.ro\",\"https:\\\/\\\/www.instagram.com\\\/chiromax.ro\",\"https:\\\/\\\/www.youtube.com\\\/user\\\/ChiromaxGalati\"]}]}<\/script>\n<!-- \/ Yoast SEO plugin. -->","yoast_head_json":{"title":"Implantologie &#187; Clinica Stomatologie Chiromax Cabinet Stomatologic Galati Implant Dentar","robots":{"index":"index","follow":"follow","max-snippet":"max-snippet:-1","max-image-preview":"max-image-preview:large","max-video-preview":"max-video-preview:-1"},"canonical":"https:\/\/chiromax.ro\/en\/implantology\/","og_locale":"en_GB","og_type":"article","og_title":"Implantologie &#187; Clinica Stomatologie Chiromax Cabinet Stomatologic Galati Implant Dentar","og_description":"Servicii Chiromax Implantologie implanturi dentare Ce este implantul? Implantul este un dispozitiv dintr-un material biocompatibil (de cel mai multe ori de form\u0103 unui \u0219urub) care \u00eenlocuie\u0219te r\u0103d\u0103cina sau r\u0103d\u0103cinile din\u021bilor pierdu\u021bi. Pe aceste structuri pe care le putem denumi \u0219i r\u0103d\u0103cini artificiale se fixeaz\u0103 lucr\u0103ri protetice dentare fixe sau mobilizabile.Statistic, rata de succes a implantului [&hellip;]","og_url":"https:\/\/chiromax.ro\/en\/implantology\/","og_site_name":"Clinica Stomatologie Chiromax Cabinet Stomatologic Galati Implant Dentar","article_publisher":"https:\/\/www.facebook.com\/Chiromax.ro","article_modified_time":"2021-05-07T08:02:16+00:00","og_image":[{"width":1920,"height":1280,"url":"https:\/\/chiromax.ro\/wp-content\/uploads\/2020\/10\/home-programare-telefonica.jpg","type":"image\/jpeg"}],"twitter_card":"summary_large_image","twitter_misc":{"Estimated reading time":"3 minutes"},"schema":{"@context":"https:\/\/schema.org","@graph":[{"@type":"WebPage","@id":"https:\/\/chiromax.ro\/implantologie\/","url":"https:\/\/chiromax.ro\/implantologie\/","name":"Implantologie &#187; Clinica Stomatologie Chiromax Cabinet Stomatologic Galati Implant Dentar","isPartOf":{"@id":"https:\/\/chiromax.ro\/#website"},"datePublished":"2020-08-24T16:16:50+00:00","dateModified":"2021-05-07T08:02:16+00:00","breadcrumb":{"@id":"https:\/\/chiromax.ro\/implantologie\/#breadcrumb"},"inLanguage":"en-GB","potentialAction":[{"@type":"ReadAction","target":["https:\/\/chiromax.ro\/implantologie\/"]}]},{"@type":"BreadcrumbList","@id":"https:\/\/chiromax.ro\/implantologie\/#breadcrumb","itemListElement":[{"@type":"ListItem","position":1,"name":"Prima pagin\u0103","item":"https:\/\/chiromax.ro\/"},{"@type":"ListItem","position":2,"name":"Implantologie"}]},{"@type":"WebSite","@id":"https:\/\/chiromax.ro\/#website","url":"https:\/\/chiromax.ro\/","name":"Chiromax Dental Clinic Galati Dental Office Dental Implant","description":"Clinica Stomatologie Chiromax Galati","publisher":{"@id":"https:\/\/chiromax.ro\/#organization"},"potentialAction":[{"@type":"SearchAction","target":{"@type":"EntryPoint","urlTemplate":"https:\/\/chiromax.ro\/?s={search_term_string}"},"query-input":{"@type":"PropertyValueSpecification","valueRequired":true,"valueName":"search_term_string"}}],"inLanguage":"en-GB"},{"@type":"Organization","@id":"https:\/\/chiromax.ro\/#organization","name":"Clinica Stomatologie Chiromax Galati","url":"https:\/\/chiromax.ro\/","logo":{"@type":"ImageObject","inLanguage":"en-GB","@id":"https:\/\/chiromax.ro\/#\/schema\/logo\/image\/","url":"https:\/\/chiromax.ro\/wp-content\/uploads\/2020\/08\/logo-chiromax-2020-350.png","contentUrl":"https:\/\/chiromax.ro\/wp-content\/uploads\/2020\/08\/logo-chiromax-2020-350.png","width":350,"height":149,"caption":"Clinica Stomatologie Chiromax Galati"},"image":{"@id":"https:\/\/chiromax.ro\/#\/schema\/logo\/image\/"},"sameAs":["https:\/\/www.facebook.com\/Chiromax.ro","https:\/\/www.instagram.com\/chiromax.ro","https:\/\/www.youtube.com\/user\/ChiromaxGalati"]}]}},"_links":{"self":[{"href":"https:\/\/chiromax.ro\/en\/wp-json\/wp\/v2\/pages\/1710","targetHints":{"allow":["GET"]}}],"collection":[{"href":"https:\/\/chiromax.ro\/en\/wp-json\/wp\/v2\/pages"}],"about":[{"href":"https:\/\/chiromax.ro\/en\/wp-json\/wp\/v2\/types\/page"}],"author":[{"embeddable":true,"href":"https:\/\/chiromax.ro\/en\/wp-json\/wp\/v2\/users\/1"}],"replies":[{"embeddable":true,"href":"https:\/\/chiromax.ro\/en\/wp-json\/wp\/v2\/comments?post=1710"}],"version-history":[{"count":0,"href":"https:\/\/chiromax.ro\/en\/wp-json\/wp\/v2\/pages\/1710\/revisions"}],"wp:attachment":[{"href":"https:\/\/chiromax.ro\/en\/wp-json\/wp\/v2\/media?parent=1710"}],"curies":[{"name":"wp","href":"https:\/\/api.w.org\/{rel}","templated":true}]}}